{"id":1357059,"date":"2025-02-13T00:39:00","date_gmt":"2025-02-12T23:39:00","guid":{"rendered":"https:\/\/streetmarkets.fr\/app\/produit\/baskets-solveig\/"},"modified":"2025-03-24T00:39:11","modified_gmt":"2025-03-23T23:39:11","slug":"baskets-solveig","status":"publish","type":"product","link":"https:\/\/streetmarkets.fr\/app\/produit\/baskets-solveig\/","title":{"rendered":"Baskets Solveig"},"content":{"rendered":"<p>D\u00e9couvrez la basket Solveig, dot\u00e9e d\u2019une somptueuse semelle en gomme. Mariant un confort exceptionnel \u00e0 une sophistication \u00e9l\u00e9gante, elle red\u00e9finit le style pour une allure r\u00e9solument exclusive.<\/p>\n<p>\u2022 Fabrication artisanale au Portugal<br \/>\u2022 Cuir provenant d&#8217;Espagne et d&#8217;Italie &#8211; certifi\u00e9 LWG (Leather Working Group)<\/p>\n<p><strong>Composition :\u00a0<\/strong><\/p>\n<p><span>Dessus : 100% cuir &#8211; LWG<\/span><br \/><span>Doublure : 100% cuir &#8211; LWG<\/span><br \/><span>Semelle int\u00e9rieure : 100% cuir &#8211; LWG<\/span><br \/><span>Semelle ext\u00e9rieure : \u00e9lastom\u00e8re<\/span><br \/><span>Lacet en cotton recycl\u00e9<\/span><\/p>\n","protected":false},"excerpt":{"rendered":"<p>D\u00e9couvrez la basket Solveig, dot\u00e9e d\u2019une somptueuse semelle en gomme. Mariant un confort exceptionnel \u00e0 une sophistication \u00e9l\u00e9gante, elle red\u00e9finit le style pour une allure r\u00e9solument exclusive. \u2022 Fabrication artisanale au Portugal\u2022 Cuir provenant d&#8217;Espagne et d&#8217;Italie &#8211; certifi\u00e9 LWG (Leather Working Group) Composition :\u00a0 Dessus : 100% cuir &#8211; LWGDoublure : 100% cuir &#8211; [&hellip;]<\/p>\n","protected":false},"featured_media":1357060,"comment_status":"open","ping_status":"closed","template":"","meta":[],"product_brand":[],"product_cat":[1756,1763],"product_tag":[1810],"acf":[],"_links":{"self":[{"href":"https:\/\/streetmarkets.fr\/app\/wp-json\/wp\/v2\/product\/1357059"}],"collection":[{"href":"https:\/\/streetmarkets.fr\/app\/wp-json\/wp\/v2\/product"}],"about":[{"href":"https:\/\/streetmarkets.fr\/app\/wp-json\/wp\/v2\/types\/product"}],"replies":[{"embeddable":true,"href":"https:\/\/streetmarkets.fr\/app\/wp-json\/wp\/v2\/comments?post=1357059"}],"wp:featuredmedia":[{"embeddable":true,"href":"https:\/\/streetmarkets.fr\/app\/wp-json\/wp\/v2\/media\/1357060"}],"wp:attachment":[{"href":"https:\/\/streetmarkets.fr\/app\/wp-json\/wp\/v2\/media?parent=1357059"}],"wp:term":[{"taxonomy":"product_brand","embeddable":true,"href":"https:\/\/streetmarkets.fr\/app\/wp-json\/wp\/v2\/product_brand?post=1357059"},{"taxonomy":"product_cat","embeddable":true,"href":"https:\/\/streetmarkets.fr\/app\/wp-json\/wp\/v2\/product_cat?post=1357059"},{"taxonomy":"product_tag","embeddable":true,"href":"https:\/\/streetmarkets.fr\/app\/wp-json\/wp\/v2\/product_tag?post=1357059"}],"curies":[{"name":"wp","href":"https:\/\/api.w.org\/{rel}","templated":true}]}}