{"id":1356392,"date":"2025-02-13T00:14:21","date_gmt":"2025-02-12T23:14:21","guid":{"rendered":"https:\/\/streetmarkets.fr\/app\/produit\/bloomer-amour-pivoine\/"},"modified":"2025-11-24T00:15:50","modified_gmt":"2025-11-23T23:15:50","slug":"bloomer-amour-pivoine","status":"publish","type":"product","link":"https:\/\/streetmarkets.fr\/app\/produit\/bloomer-amour-pivoine\/","title":{"rendered":"Bloomer Amour &#8211; Pivoine"},"content":{"rendered":"<p>Jeu de transparence, petits c\u0153urs en velours paillet\u00e9s et coupe froufroutante : cette culotte bloomer a tout du coup de c\u0153ur. Le tulle en fibres recycl\u00e9es offre une allure a\u00e9rienne et moderne, tandis que l\u2019\u00e9lasthanne apporte l\u2019\u00e9lasticit\u00e9 qu\u2019on aime au quotidien. R\u00e9sultat : un mod\u00e8le mutin qui flatte la silhouette sans sacrifier le confort.<\/p>\n<p>C\u00f4t\u00e9 mati\u00e8re, on est sur du concret : tulle certifi\u00e9 GRS avec une part de fibres recycl\u00e9es, \u00e9lastique fabriqu\u00e9 en Allemagne, et pr\u00e9sence de coton biologique. Design\u00e9e \u00e0 Paris et fabriqu\u00e9e en Hongrie, elle r\u00e9unit style, qualit\u00e9 europ\u00e9enne et attention aux d\u00e9tails. Parfaite \u00e0 s\u2019offrir\u2026 et \u00e0 offrir.<\/p>\n","protected":false},"excerpt":{"rendered":"<p>Jeu de transparence, petits c\u0153urs en velours paillet\u00e9s et coupe froufroutante : cette culotte bloomer a tout du coup de c\u0153ur. Le tulle en fibres recycl\u00e9es offre une allure a\u00e9rienne et moderne, tandis que l\u2019\u00e9lasthanne apporte l\u2019\u00e9lasticit\u00e9 qu\u2019on aime au quotidien. R\u00e9sultat : un mod\u00e8le mutin qui flatte la silhouette sans sacrifier le confort. C\u00f4t\u00e9 [&hellip;]<\/p>\n","protected":false},"featured_media":1356393,"comment_status":"open","ping_status":"closed","template":"","meta":[],"product_brand":[],"product_cat":[1756,1762],"product_tag":[1810],"acf":[],"_links":{"self":[{"href":"https:\/\/streetmarkets.fr\/app\/wp-json\/wp\/v2\/product\/1356392"}],"collection":[{"href":"https:\/\/streetmarkets.fr\/app\/wp-json\/wp\/v2\/product"}],"about":[{"href":"https:\/\/streetmarkets.fr\/app\/wp-json\/wp\/v2\/types\/product"}],"replies":[{"embeddable":true,"href":"https:\/\/streetmarkets.fr\/app\/wp-json\/wp\/v2\/comments?post=1356392"}],"wp:featuredmedia":[{"embeddable":true,"href":"https:\/\/streetmarkets.fr\/app\/wp-json\/wp\/v2\/media\/1356393"}],"wp:attachment":[{"href":"https:\/\/streetmarkets.fr\/app\/wp-json\/wp\/v2\/media?parent=1356392"}],"wp:term":[{"taxonomy":"product_brand","embeddable":true,"href":"https:\/\/streetmarkets.fr\/app\/wp-json\/wp\/v2\/product_brand?post=1356392"},{"taxonomy":"product_cat","embeddable":true,"href":"https:\/\/streetmarkets.fr\/app\/wp-json\/wp\/v2\/product_cat?post=1356392"},{"taxonomy":"product_tag","embeddable":true,"href":"https:\/\/streetmarkets.fr\/app\/wp-json\/wp\/v2\/product_tag?post=1356392"}],"curies":[{"name":"wp","href":"https:\/\/api.w.org\/{rel}","templated":true}]}}