{"id":1352400,"date":"2025-02-12T00:19:25","date_gmt":"2025-02-11T23:19:25","guid":{"rendered":"https:\/\/streetmarkets.fr\/app\/produit\/duo-ecussons-vagues\/"},"modified":"2026-05-06T01:14:52","modified_gmt":"2026-05-05T23:14:52","slug":"duo-ecussons-vagues","status":"publish","type":"product","link":"https:\/\/streetmarkets.fr\/app\/produit\/duo-ecussons-vagues\/","title":{"rendered":"Duo Ecussons Vagues"},"content":{"rendered":"<p><a title=\"Collection Malicieuse\" href=\"https:\/\/frenchtouche.com\/collections\/malicieuse\"><b>Collection Malicieuse<\/b><\/a><\/p>\n<div aria-labelledby=\"Summary-product-description\" role=\"region\" class=\"accordion__content\" id=\"CollapsibleAccordion-product-description\">\n<p>Passion surf, plage et sable, ces patchs thermocollant pouront donner du pep&#8217;s \u00e0 vos looks !\u00a0<\/p>\n<p>Pssst, le truc cool c&#8217;est qu&#8217;il se pose en un coup de fer \u00e0 repasser, rien de plus simple !\u00a0<\/p>\n<ul>\n<li>\n <span>Duo de patchs \u00e0 thermocoller motif <strong>VAGUE<\/strong><\/span>\n<\/li>\n<li>\n  <span>Dimensions : 7 x 4,5 cm<\/span>\n<\/li>\n<li>R\u00e9sistants au lavage \u00e0 froid 30\u00b0<\/li>\n<\/ul>\n<p>Une cr\u00e9ation\u00a0<em>Malicieuse\u00a0<\/em>dessin\u00e9e\u00a0en R\u00e9gion Parisienne avec amour\u00a0\u2764\ufe0f\u00a0<\/p>\n<\/div>\n","protected":false},"excerpt":{"rendered":"<p>Collection Malicieuse Passion surf, plage et sable, ces patchs thermocollant pouront donner du pep&#8217;s \u00e0 vos looks !\u00a0 Pssst, le truc cool c&#8217;est qu&#8217;il se pose en un coup de fer \u00e0 repasser, rien de plus simple !\u00a0 Duo de patchs \u00e0 thermocoller motif VAGUE Dimensions : 7 x 4,5 cm R\u00e9sistants au lavage \u00e0 [&hellip;]<\/p>\n","protected":false},"featured_media":1352401,"comment_status":"open","ping_status":"closed","template":"","meta":[],"product_brand":[],"product_cat":[1756,1764,1760],"product_tag":[2244],"acf":[],"_links":{"self":[{"href":"https:\/\/streetmarkets.fr\/app\/wp-json\/wp\/v2\/product\/1352400"}],"collection":[{"href":"https:\/\/streetmarkets.fr\/app\/wp-json\/wp\/v2\/product"}],"about":[{"href":"https:\/\/streetmarkets.fr\/app\/wp-json\/wp\/v2\/types\/product"}],"replies":[{"embeddable":true,"href":"https:\/\/streetmarkets.fr\/app\/wp-json\/wp\/v2\/comments?post=1352400"}],"wp:featuredmedia":[{"embeddable":true,"href":"https:\/\/streetmarkets.fr\/app\/wp-json\/wp\/v2\/media\/1352401"}],"wp:attachment":[{"href":"https:\/\/streetmarkets.fr\/app\/wp-json\/wp\/v2\/media?parent=1352400"}],"wp:term":[{"taxonomy":"product_brand","embeddable":true,"href":"https:\/\/streetmarkets.fr\/app\/wp-json\/wp\/v2\/product_brand?post=1352400"},{"taxonomy":"product_cat","embeddable":true,"href":"https:\/\/streetmarkets.fr\/app\/wp-json\/wp\/v2\/product_cat?post=1352400"},{"taxonomy":"product_tag","embeddable":true,"href":"https:\/\/streetmarkets.fr\/app\/wp-json\/wp\/v2\/product_tag?post=1352400"}],"curies":[{"name":"wp","href":"https:\/\/api.w.org\/{rel}","templated":true}]}}