{"id":1352387,"date":"2025-02-12T00:19:24","date_gmt":"2025-02-11T23:19:24","guid":{"rendered":"https:\/\/streetmarkets.fr\/app\/produit\/trio-mini-ecussons-rose\/"},"modified":"2026-05-09T01:14:12","modified_gmt":"2026-05-08T23:14:12","slug":"trio-mini-ecussons-rose","status":"publish","type":"product","link":"https:\/\/streetmarkets.fr\/app\/produit\/trio-mini-ecussons-rose\/","title":{"rendered":"Trio Mini Ecussons Rose"},"content":{"rendered":"<p><a href=\"https:\/\/frenchtouche.com\/collections\/malicieuse\" title=\"Collection Malicieuse\"><b>Collection Malicieuse<\/b><\/a><\/p>\n<div id=\"CollapsibleAccordion-product-description\" class=\"accordion__content\" role=\"region\" aria-labelledby=\"Summary-product-description\">\n<p><span>Ce lot\u00a0de 3 mini broderies adorable est\u00a0parfait pour ajouter\u00a0une touche po\u00e9tique\u00a0\u00e0 vos v\u00eatements et accessoires.\u00a0Sa taille compacte\u00a0parfaite pour recouvrir\u00a0les petits trous ou camoufler les petites t\u00e2ches, pour que chaque v\u00eatement soit comme neuf et unique !<\/span><\/p>\n<ul>\n<li>\nLot de 3 \u00e9cussons thermocollants : <strong>MARGUERITE<\/strong> \/ <strong>TOUCAN<\/strong> \/\u00a0<strong>COQUILLAGE<\/strong>\n<\/li>\n<li>\n  <span>Dimensions mini format : marguerite : 3\u00a0x 3\u00a0cm \/ toucan : 3 x 3,5 cm \/ coquillage : 2 x 4 cm<\/span>\n<\/li>\n<li>R\u00e9sistants au lavage \u00e0 froid 30\u00b0<\/li>\n<\/ul>\n<p>Une cr\u00e9ation\u00a0<em>Malicieuse\u00a0<\/em>dessin\u00e9e\u00a0en R\u00e9gion Parisienne avec amour\u00a0\u2764\ufe0f\u00a0<\/p>\n<\/div>\n","protected":false},"excerpt":{"rendered":"<p>Collection Malicieuse Ce lot\u00a0de 3 mini broderies adorable est\u00a0parfait pour ajouter\u00a0une touche po\u00e9tique\u00a0\u00e0 vos v\u00eatements et accessoires.\u00a0Sa taille compacte\u00a0parfaite pour recouvrir\u00a0les petits trous ou camoufler les petites t\u00e2ches, pour que chaque v\u00eatement soit comme neuf et unique ! Lot de 3 \u00e9cussons thermocollants : MARGUERITE \/ TOUCAN \/\u00a0COQUILLAGE Dimensions mini format : marguerite : 3\u00a0x [&hellip;]<\/p>\n","protected":false},"featured_media":1352388,"comment_status":"open","ping_status":"closed","template":"","meta":[],"product_brand":[],"product_cat":[1756,1764,1760],"product_tag":[2244],"acf":[],"_links":{"self":[{"href":"https:\/\/streetmarkets.fr\/app\/wp-json\/wp\/v2\/product\/1352387"}],"collection":[{"href":"https:\/\/streetmarkets.fr\/app\/wp-json\/wp\/v2\/product"}],"about":[{"href":"https:\/\/streetmarkets.fr\/app\/wp-json\/wp\/v2\/types\/product"}],"replies":[{"embeddable":true,"href":"https:\/\/streetmarkets.fr\/app\/wp-json\/wp\/v2\/comments?post=1352387"}],"wp:featuredmedia":[{"embeddable":true,"href":"https:\/\/streetmarkets.fr\/app\/wp-json\/wp\/v2\/media\/1352388"}],"wp:attachment":[{"href":"https:\/\/streetmarkets.fr\/app\/wp-json\/wp\/v2\/media?parent=1352387"}],"wp:term":[{"taxonomy":"product_brand","embeddable":true,"href":"https:\/\/streetmarkets.fr\/app\/wp-json\/wp\/v2\/product_brand?post=1352387"},{"taxonomy":"product_cat","embeddable":true,"href":"https:\/\/streetmarkets.fr\/app\/wp-json\/wp\/v2\/product_cat?post=1352387"},{"taxonomy":"product_tag","embeddable":true,"href":"https:\/\/streetmarkets.fr\/app\/wp-json\/wp\/v2\/product_tag?post=1352387"}],"curies":[{"name":"wp","href":"https:\/\/api.w.org\/{rel}","templated":true}]}}