{"id":1352364,"date":"2025-02-12T00:19:24","date_gmt":"2025-02-11T23:19:24","guid":{"rendered":"https:\/\/streetmarkets.fr\/app\/produit\/ecusson-daddy-cool\/"},"modified":"2026-04-29T01:11:54","modified_gmt":"2026-04-28T23:11:54","slug":"ecusson-daddy-cool","status":"publish","type":"product","link":"https:\/\/streetmarkets.fr\/app\/produit\/ecusson-daddy-cool\/","title":{"rendered":"Ecusson Daddy Cool"},"content":{"rendered":"<p><a href=\"https:\/\/frenchtouche.com\/collections\/malicieuse\" title=\"Collection Malicieuse\"><b>Collection Malicieuse<\/b><\/a><\/p>\n<div id=\"CollapsibleAccordion-product-description\" class=\"accordion__content\" role=\"region\" aria-labelledby=\"Summary-product-description\">\n<p><span>L&#8217;\u00e9cusson parfait\u00a0\u00e0 offrir \u00e0 son papounet ! Petite id\u00e9e cadeau : tu peux offrir le patch, ou le poser sur un t-shirt \/ sweat \/ chemise et l&#8217;offrir le v\u00eatement d\u00e9j\u00e0 personnalis\u00e9.<\/span><\/p>\n<p>La collection du Love pour que toute la famille puisse trouver le motif qui lui ressemble : Daddy Cool, Dog Mama, Cat Mama ou Cool Kid.<\/p>\n<p>Pssst, le truc cool c&#8217;est qu&#8217;il se pose en un coup de fer \u00e0 repasser, rien de plus simple !<\/p>\n<ul>\n<li>Patch \u00e0 thermocoller  <span>motif coeur rouge et inscription<em> <\/em><strong>DADDY <\/strong><strong>COOL<\/strong><\/span>\n<\/li>\n<li>Dimensions : 4,5 x 4 cm<\/li>\n<li>R\u00e9sistant au lavage \u00e0 froid 30\u00b0<\/li>\n<\/ul>\n<p>Une cr\u00e9ation\u00a0<em>Malicieuse\u00a0<\/em>dessin\u00e9e\u00a0en R\u00e9gion Parisienne avec amour\u00a0\u2764\ufe0f\u00a0<\/p>\n<\/div>\n","protected":false},"excerpt":{"rendered":"<p>Collection Malicieuse L&#8217;\u00e9cusson parfait\u00a0\u00e0 offrir \u00e0 son papounet ! Petite id\u00e9e cadeau : tu peux offrir le patch, ou le poser sur un t-shirt \/ sweat \/ chemise et l&#8217;offrir le v\u00eatement d\u00e9j\u00e0 personnalis\u00e9. La collection du Love pour que toute la famille puisse trouver le motif qui lui ressemble : Daddy Cool, Dog Mama, [&hellip;]<\/p>\n","protected":false},"featured_media":1352365,"comment_status":"open","ping_status":"closed","template":"","meta":[],"product_brand":[],"product_cat":[1756,1760],"product_tag":[2244],"acf":[],"_links":{"self":[{"href":"https:\/\/streetmarkets.fr\/app\/wp-json\/wp\/v2\/product\/1352364"}],"collection":[{"href":"https:\/\/streetmarkets.fr\/app\/wp-json\/wp\/v2\/product"}],"about":[{"href":"https:\/\/streetmarkets.fr\/app\/wp-json\/wp\/v2\/types\/product"}],"replies":[{"embeddable":true,"href":"https:\/\/streetmarkets.fr\/app\/wp-json\/wp\/v2\/comments?post=1352364"}],"wp:featuredmedia":[{"embeddable":true,"href":"https:\/\/streetmarkets.fr\/app\/wp-json\/wp\/v2\/media\/1352365"}],"wp:attachment":[{"href":"https:\/\/streetmarkets.fr\/app\/wp-json\/wp\/v2\/media?parent=1352364"}],"wp:term":[{"taxonomy":"product_brand","embeddable":true,"href":"https:\/\/streetmarkets.fr\/app\/wp-json\/wp\/v2\/product_brand?post=1352364"},{"taxonomy":"product_cat","embeddable":true,"href":"https:\/\/streetmarkets.fr\/app\/wp-json\/wp\/v2\/product_cat?post=1352364"},{"taxonomy":"product_tag","embeddable":true,"href":"https:\/\/streetmarkets.fr\/app\/wp-json\/wp\/v2\/product_tag?post=1352364"}],"curies":[{"name":"wp","href":"https:\/\/api.w.org\/{rel}","templated":true}]}}