{"id":1352271,"date":"2025-02-12T00:19:19","date_gmt":"2025-02-11T23:19:19","guid":{"rendered":"https:\/\/streetmarkets.fr\/app\/produit\/petit-carre-pirate-neutre\/"},"modified":"2026-04-13T01:14:24","modified_gmt":"2026-04-12T23:14:24","slug":"petit-carre-pirate-neutre","status":"publish","type":"product","link":"https:\/\/streetmarkets.fr\/app\/produit\/petit-carre-pirate-neutre\/","title":{"rendered":"Petit Carr\u00e9 Pirate &#8211; Neutre"},"content":{"rendered":"<p><span><a title=\"Collection AN-NEE\" href=\"\/collections\/AN-NEE\"><strong>Collection AN-NEE<\/strong><\/a><\/span><\/p>\n<ul>\n<li>100% Twill de Soie<\/li>\n<li>Environ 66 x 66 cm\n<\/li>\n<li>Finitions : ourlet plat<\/li>\n<li>Livr\u00e9 dans sa bo\u00eete<\/li>\n<li>\n <span>Conseil d&#8217;entretien :\u00a0<\/span><span style=\"font-size: 0.875rem\">optez pour un lavage \u00e0 sec confi\u00e9 \u00e0 un professionnel<\/span>\n<\/li>\n<\/ul>\n<p>Dessin\u00e9 par Alexia <span>Nokovitch<\/span>, la cr\u00e9atrice de la marque<\/p>\n<p>:: Fabriqu\u00e9 et imprim\u00e9 en France ::<\/p>\n","protected":false},"excerpt":{"rendered":"<p>Collection AN-NEE 100% Twill de Soie Environ 66 x 66 cm Finitions : ourlet plat Livr\u00e9 dans sa bo\u00eete Conseil d&#8217;entretien :\u00a0optez pour un lavage \u00e0 sec confi\u00e9 \u00e0 un professionnel Dessin\u00e9 par Alexia Nokovitch, la cr\u00e9atrice de la marque :: Fabriqu\u00e9 et imprim\u00e9 en France ::<\/p>\n","protected":false},"featured_media":1352272,"comment_status":"open","ping_status":"closed","template":"","meta":[],"product_brand":[],"product_cat":[1756,1764],"product_tag":[2244],"acf":[],"_links":{"self":[{"href":"https:\/\/streetmarkets.fr\/app\/wp-json\/wp\/v2\/product\/1352271"}],"collection":[{"href":"https:\/\/streetmarkets.fr\/app\/wp-json\/wp\/v2\/product"}],"about":[{"href":"https:\/\/streetmarkets.fr\/app\/wp-json\/wp\/v2\/types\/product"}],"replies":[{"embeddable":true,"href":"https:\/\/streetmarkets.fr\/app\/wp-json\/wp\/v2\/comments?post=1352271"}],"wp:featuredmedia":[{"embeddable":true,"href":"https:\/\/streetmarkets.fr\/app\/wp-json\/wp\/v2\/media\/1352272"}],"wp:attachment":[{"href":"https:\/\/streetmarkets.fr\/app\/wp-json\/wp\/v2\/media?parent=1352271"}],"wp:term":[{"taxonomy":"product_brand","embeddable":true,"href":"https:\/\/streetmarkets.fr\/app\/wp-json\/wp\/v2\/product_brand?post=1352271"},{"taxonomy":"product_cat","embeddable":true,"href":"https:\/\/streetmarkets.fr\/app\/wp-json\/wp\/v2\/product_cat?post=1352271"},{"taxonomy":"product_tag","embeddable":true,"href":"https:\/\/streetmarkets.fr\/app\/wp-json\/wp\/v2\/product_tag?post=1352271"}],"curies":[{"name":"wp","href":"https:\/\/api.w.org\/{rel}","templated":true}]}}