{"id":1352243,"date":"2025-02-11T07:41:24","date_gmt":"2025-02-11T06:41:24","guid":{"rendered":"https:\/\/streetmarkets.fr\/app\/produit\/etole-donatien-bleu-rouge-inouitoosh\/"},"modified":"2026-05-08T08:37:57","modified_gmt":"2026-05-08T06:37:57","slug":"etole-donatien-bleu-rouge-inouitoosh","status":"publish","type":"product","link":"https:\/\/streetmarkets.fr\/app\/produit\/etole-donatien-bleu-rouge-inouitoosh\/","title":{"rendered":"Etole Donatien bleu rouge &#8211; Inouitoosh"},"content":{"rendered":"<p>Magnifique \u00e9tole dans les tons bleu ciel et rouge.  <\/p>\n<p>Une composition de couleurs toujours harmonieuse. <\/p>\n<p>Imagin\u00e9 et dessin\u00e9 en France <\/p>\n<\/p>\n<p>Retrouvez sur notre eshop une s\u00e9lection des plus beaux mod\u00e8les de la nouvelle collection d&#8217;accessoires <a href=\"https:\/\/www.joee.fr\/concept-store-inouitoosh-paris\" target=\"_blank\" rel=\"noopener\">Inouitoosh.<\/a><\/p><\/p>\n","protected":false},"excerpt":{"rendered":"<p>Magnifique \u00e9tole dans les tons bleu ciel et rouge. Une composition de couleurs toujours harmonieuse. Imagin\u00e9 et dessin\u00e9 en France Retrouvez sur notre eshop une s\u00e9lection des plus beaux mod\u00e8les de la nouvelle collection d&#8217;accessoires Inouitoosh.<\/p>\n","protected":false},"featured_media":1352244,"comment_status":"open","ping_status":"closed","template":"","meta":[],"product_brand":[],"product_cat":[1756,1764],"product_tag":[2244],"acf":[],"_links":{"self":[{"href":"https:\/\/streetmarkets.fr\/app\/wp-json\/wp\/v2\/product\/1352243"}],"collection":[{"href":"https:\/\/streetmarkets.fr\/app\/wp-json\/wp\/v2\/product"}],"about":[{"href":"https:\/\/streetmarkets.fr\/app\/wp-json\/wp\/v2\/types\/product"}],"replies":[{"embeddable":true,"href":"https:\/\/streetmarkets.fr\/app\/wp-json\/wp\/v2\/comments?post=1352243"}],"wp:featuredmedia":[{"embeddable":true,"href":"https:\/\/streetmarkets.fr\/app\/wp-json\/wp\/v2\/media\/1352244"}],"wp:attachment":[{"href":"https:\/\/streetmarkets.fr\/app\/wp-json\/wp\/v2\/media?parent=1352243"}],"wp:term":[{"taxonomy":"product_brand","embeddable":true,"href":"https:\/\/streetmarkets.fr\/app\/wp-json\/wp\/v2\/product_brand?post=1352243"},{"taxonomy":"product_cat","embeddable":true,"href":"https:\/\/streetmarkets.fr\/app\/wp-json\/wp\/v2\/product_cat?post=1352243"},{"taxonomy":"product_tag","embeddable":true,"href":"https:\/\/streetmarkets.fr\/app\/wp-json\/wp\/v2\/product_tag?post=1352243"}],"curies":[{"name":"wp","href":"https:\/\/api.w.org\/{rel}","templated":true}]}}