{"id":1352236,"date":"2025-02-11T07:41:23","date_gmt":"2025-02-11T06:41:23","guid":{"rendered":"https:\/\/streetmarkets.fr\/app\/produit\/etole-pimlico\/"},"modified":"2026-05-03T08:38:07","modified_gmt":"2026-05-03T06:38:07","slug":"etole-pimlico","status":"publish","type":"product","link":"https:\/\/streetmarkets.fr\/app\/produit\/etole-pimlico\/","title":{"rendered":"Etole Pimlico"},"content":{"rendered":"<p><span>Cette \u00e9tole Inoui Editions confectionn\u00e9e en coton et soie, est orn\u00e9e d&#8217;un imprim\u00e9 floral et gourmand. <\/span><\/p>\n<p>Imprim\u00e9 se lisant comme un tableau, \u00e0 la crois\u00e9e de la gravure et de la peinture.<\/p>\n","protected":false},"excerpt":{"rendered":"<p>Cette \u00e9tole Inoui Editions confectionn\u00e9e en coton et soie, est orn\u00e9e d&#8217;un imprim\u00e9 floral et gourmand. Imprim\u00e9 se lisant comme un tableau, \u00e0 la crois\u00e9e de la gravure et de la peinture.<\/p>\n","protected":false},"featured_media":1352237,"comment_status":"open","ping_status":"closed","template":"","meta":[],"product_brand":[],"product_cat":[1756,1764],"product_tag":[2244],"acf":[],"_links":{"self":[{"href":"https:\/\/streetmarkets.fr\/app\/wp-json\/wp\/v2\/product\/1352236"}],"collection":[{"href":"https:\/\/streetmarkets.fr\/app\/wp-json\/wp\/v2\/product"}],"about":[{"href":"https:\/\/streetmarkets.fr\/app\/wp-json\/wp\/v2\/types\/product"}],"replies":[{"embeddable":true,"href":"https:\/\/streetmarkets.fr\/app\/wp-json\/wp\/v2\/comments?post=1352236"}],"wp:featuredmedia":[{"embeddable":true,"href":"https:\/\/streetmarkets.fr\/app\/wp-json\/wp\/v2\/media\/1352237"}],"wp:attachment":[{"href":"https:\/\/streetmarkets.fr\/app\/wp-json\/wp\/v2\/media?parent=1352236"}],"wp:term":[{"taxonomy":"product_brand","embeddable":true,"href":"https:\/\/streetmarkets.fr\/app\/wp-json\/wp\/v2\/product_brand?post=1352236"},{"taxonomy":"product_cat","embeddable":true,"href":"https:\/\/streetmarkets.fr\/app\/wp-json\/wp\/v2\/product_cat?post=1352236"},{"taxonomy":"product_tag","embeddable":true,"href":"https:\/\/streetmarkets.fr\/app\/wp-json\/wp\/v2\/product_tag?post=1352236"}],"curies":[{"name":"wp","href":"https:\/\/api.w.org\/{rel}","templated":true}]}}