{"id":1352029,"date":"2025-02-11T06:30:07","date_gmt":"2025-02-11T05:30:07","guid":{"rendered":"https:\/\/streetmarkets.fr\/app\/produit\/sac-bowling-55-goyard-noir\/"},"modified":"2026-05-08T07:31:48","modified_gmt":"2026-05-08T05:31:48","slug":"sac-bowling-55-goyard-noir","status":"publish","type":"product","link":"https:\/\/streetmarkets.fr\/app\/produit\/sac-bowling-55-goyard-noir\/","title":{"rendered":"Sac Bowling 55 Goyard noir"},"content":{"rendered":"<p>Sac Bowling Goyard en toile monogramme et finitions en cuir noir. Port\u00e9 \u00e0 la main \u00e0 l&#8217;aide deux poign\u00e9es et \u00e0 l&#8217;\u00e9paule ou en crossbody. L&#8217;int\u00e9rieur est en tissu jaune embl\u00e9matique de la marque. Fermeture zipp\u00e9e. En tr\u00e8s bon \u00e9tat. Prix public 4295 euros.<\/p>\n","protected":false},"excerpt":{"rendered":"<p>Sac Bowling Goyard en toile monogramme et finitions en cuir noir. Port\u00e9 \u00e0 la main \u00e0 l&#8217;aide deux poign\u00e9es et \u00e0 l&#8217;\u00e9paule ou en crossbody. L&#8217;int\u00e9rieur est en tissu jaune embl\u00e9matique de la marque. Fermeture zipp\u00e9e. En tr\u00e8s bon \u00e9tat. Prix public 4295 euros.<\/p>\n","protected":false},"featured_media":1352030,"comment_status":"open","ping_status":"closed","template":"","meta":[],"product_brand":[],"product_cat":[1756,1760],"product_tag":[2244,2122],"acf":[],"_links":{"self":[{"href":"https:\/\/streetmarkets.fr\/app\/wp-json\/wp\/v2\/product\/1352029"}],"collection":[{"href":"https:\/\/streetmarkets.fr\/app\/wp-json\/wp\/v2\/product"}],"about":[{"href":"https:\/\/streetmarkets.fr\/app\/wp-json\/wp\/v2\/types\/product"}],"replies":[{"embeddable":true,"href":"https:\/\/streetmarkets.fr\/app\/wp-json\/wp\/v2\/comments?post=1352029"}],"wp:featuredmedia":[{"embeddable":true,"href":"https:\/\/streetmarkets.fr\/app\/wp-json\/wp\/v2\/media\/1352030"}],"wp:attachment":[{"href":"https:\/\/streetmarkets.fr\/app\/wp-json\/wp\/v2\/media?parent=1352029"}],"wp:term":[{"taxonomy":"product_brand","embeddable":true,"href":"https:\/\/streetmarkets.fr\/app\/wp-json\/wp\/v2\/product_brand?post=1352029"},{"taxonomy":"product_cat","embeddable":true,"href":"https:\/\/streetmarkets.fr\/app\/wp-json\/wp\/v2\/product_cat?post=1352029"},{"taxonomy":"product_tag","embeddable":true,"href":"https:\/\/streetmarkets.fr\/app\/wp-json\/wp\/v2\/product_tag?post=1352029"}],"curies":[{"name":"wp","href":"https:\/\/api.w.org\/{rel}","templated":true}]}}