{"id":1346592,"date":"2025-02-10T05:48:13","date_gmt":"2025-02-10T04:48:13","guid":{"rendered":"https:\/\/streetmarkets.fr\/app\/produit\/patrick-linen-pants\/"},"modified":"2026-03-16T05:45:18","modified_gmt":"2026-03-16T04:45:18","slug":"patrick-linen-pants","status":"publish","type":"product","link":"https:\/\/streetmarkets.fr\/app\/produit\/patrick-linen-pants\/","title":{"rendered":"Patrick Linen Pants"},"content":{"rendered":"<p><span data-sheets-root=\"1\">D\u00e9couvrez les pantalons\u00a0<strong>Patrick Linen Pants<\/strong>, une fusion parfaite entre l&#8217;\u00e9l\u00e9gance d&#8217;un <strong>costume<\/strong> et le <strong>confort<\/strong> d&#8217;un pantalon de surv\u00eatement. Confectionn\u00e9s dans un tissu de costume avec une taille \u00e9lastique extensible, ces pantalons offrent le meilleur des deux mondes. <\/p>\n<p><strong>L\u00e9gers<\/strong> et <strong>respirants<\/strong>, ils vous gardent au frais m\u00eame par temps chaud. Leur style \u00e9l\u00e9gant rappelle celui des pantalons de costume, tandis que leur <strong>confort<\/strong> \u00e9voque celui des pantalons de surv\u00eatement. <\/p>\n<p>Dot\u00e9s de poches lat\u00e9rales et arri\u00e8re pratiques, ces pantalons sont \u00e0 la fois fonctionnels et styl\u00e9s. Le logo &#8220;II&#8221; brod\u00e9 au-dessus de la poche arri\u00e8re ajoute un d\u00e9tail suppl\u00e9mentaire. Avec leur <strong>coupe d\u00e9contract\u00e9e<\/strong> et leur jambe large, les pantalons Patrick Linen sont parfaits pour un look d\u00e9contract\u00e9 et \u00e9l\u00e9gant en toutes occasions.<\/span><\/p>\n","protected":false},"excerpt":{"rendered":"<p>D\u00e9couvrez les pantalons\u00a0Patrick Linen Pants, une fusion parfaite entre l&#8217;\u00e9l\u00e9gance d&#8217;un costume et le confort d&#8217;un pantalon de surv\u00eatement. Confectionn\u00e9s dans un tissu de costume avec une taille \u00e9lastique extensible, ces pantalons offrent le meilleur des deux mondes. L\u00e9gers et respirants, ils vous gardent au frais m\u00eame par temps chaud. Leur style \u00e9l\u00e9gant rappelle celui [&hellip;]<\/p>\n","protected":false},"featured_media":1346593,"comment_status":"open","ping_status":"closed","template":"","meta":[],"product_brand":[],"product_cat":[1756,1758],"product_tag":[2244],"acf":[],"_links":{"self":[{"href":"https:\/\/streetmarkets.fr\/app\/wp-json\/wp\/v2\/product\/1346592"}],"collection":[{"href":"https:\/\/streetmarkets.fr\/app\/wp-json\/wp\/v2\/product"}],"about":[{"href":"https:\/\/streetmarkets.fr\/app\/wp-json\/wp\/v2\/types\/product"}],"replies":[{"embeddable":true,"href":"https:\/\/streetmarkets.fr\/app\/wp-json\/wp\/v2\/comments?post=1346592"}],"wp:featuredmedia":[{"embeddable":true,"href":"https:\/\/streetmarkets.fr\/app\/wp-json\/wp\/v2\/media\/1346593"}],"wp:attachment":[{"href":"https:\/\/streetmarkets.fr\/app\/wp-json\/wp\/v2\/media?parent=1346592"}],"wp:term":[{"taxonomy":"product_brand","embeddable":true,"href":"https:\/\/streetmarkets.fr\/app\/wp-json\/wp\/v2\/product_brand?post=1346592"},{"taxonomy":"product_cat","embeddable":true,"href":"https:\/\/streetmarkets.fr\/app\/wp-json\/wp\/v2\/product_cat?post=1346592"},{"taxonomy":"product_tag","embeddable":true,"href":"https:\/\/streetmarkets.fr\/app\/wp-json\/wp\/v2\/product_tag?post=1346592"}],"curies":[{"name":"wp","href":"https:\/\/api.w.org\/{rel}","templated":true}]}}