{"id":1346534,"date":"2025-02-10T05:48:08","date_gmt":"2025-02-10T04:48:08","guid":{"rendered":"https:\/\/streetmarkets.fr\/app\/produit\/brad-roundneck-knit\/"},"modified":"2026-03-16T05:45:18","modified_gmt":"2026-03-16T04:45:18","slug":"brad-roundneck-knit","status":"publish","type":"product","link":"https:\/\/streetmarkets.fr\/app\/produit\/brad-roundneck-knit\/","title":{"rendered":"Brad Roundneck Knit"},"content":{"rendered":"<p>Le <strong>Brad Roundneck Knit <\/strong>de la marque <strong>Les Deux\u00a0<\/strong>est un pull au style r\u00e9tro et d\u00e9contract\u00e9, parfait pour ajouter une touche de caract\u00e8re \u00e0 votre vestiaire. Disponible en 3 coloris,\u00a0il offre un <strong>tricot de coton flamm\u00e9<\/strong> qui apporte une texture unique et un confort exceptionnel. Ses <strong>manches raglan<\/strong> et son <strong>col ras du cou<\/strong> garantissent une coupe moderne et un ajustement id\u00e9al pour un l<strong>ook casual<\/strong>.<\/p>\n<p>Les <strong>ourlets et le col en c\u00f4tes larges<\/strong> ajoutent un d\u00e9tail subtil tout en apportant une finition nette \u00e0 ce mod\u00e8le. Le v\u00e9ritable atout du Brad r\u00e9side dans son <strong>lettrage au point de cha\u00eenette<\/strong>, inspir\u00e9 du style vintage, qui orne le bas du v\u00eatement et donne une dimension r\u00e9tro \u00e0 cette pi\u00e8ce contemporaine.<\/p>\n<p>Avec sa coupe <strong>regular fit<\/strong>, ce sweat s&#8217;adapte \u00e0 toutes les silhouettes et se porte aussi bien pour une sortie d\u00e9contract\u00e9e que pour une journ\u00e9e plus active. Disponible chez <strong>Harold<\/strong>, \u00e0 Paris, il est le choix parfait pour un look simple, mais affirm\u00e9.<\/p>\n","protected":false},"excerpt":{"rendered":"<p>Le Brad Roundneck Knit de la marque Les Deux\u00a0est un pull au style r\u00e9tro et d\u00e9contract\u00e9, parfait pour ajouter une touche de caract\u00e8re \u00e0 votre vestiaire. Disponible en 3 coloris,\u00a0il offre un tricot de coton flamm\u00e9 qui apporte une texture unique et un confort exceptionnel. Ses manches raglan et son col ras du cou garantissent [&hellip;]<\/p>\n","protected":false},"featured_media":1346535,"comment_status":"open","ping_status":"closed","template":"","meta":[],"product_brand":[],"product_cat":[1756,1758],"product_tag":[2244],"acf":[],"_links":{"self":[{"href":"https:\/\/streetmarkets.fr\/app\/wp-json\/wp\/v2\/product\/1346534"}],"collection":[{"href":"https:\/\/streetmarkets.fr\/app\/wp-json\/wp\/v2\/product"}],"about":[{"href":"https:\/\/streetmarkets.fr\/app\/wp-json\/wp\/v2\/types\/product"}],"replies":[{"embeddable":true,"href":"https:\/\/streetmarkets.fr\/app\/wp-json\/wp\/v2\/comments?post=1346534"}],"wp:featuredmedia":[{"embeddable":true,"href":"https:\/\/streetmarkets.fr\/app\/wp-json\/wp\/v2\/media\/1346535"}],"wp:attachment":[{"href":"https:\/\/streetmarkets.fr\/app\/wp-json\/wp\/v2\/media?parent=1346534"}],"wp:term":[{"taxonomy":"product_brand","embeddable":true,"href":"https:\/\/streetmarkets.fr\/app\/wp-json\/wp\/v2\/product_brand?post=1346534"},{"taxonomy":"product_cat","embeddable":true,"href":"https:\/\/streetmarkets.fr\/app\/wp-json\/wp\/v2\/product_cat?post=1346534"},{"taxonomy":"product_tag","embeddable":true,"href":"https:\/\/streetmarkets.fr\/app\/wp-json\/wp\/v2\/product_tag?post=1346534"}],"curies":[{"name":"wp","href":"https:\/\/api.w.org\/{rel}","templated":true}]}}