{"id":1340478,"date":"2025-02-09T06:41:40","date_gmt":"2025-02-09T05:41:40","guid":{"rendered":"https:\/\/streetmarkets.fr\/app\/produit\/sweat-a-capuche-cowboy\/"},"modified":"2025-04-23T07:42:04","modified_gmt":"2025-04-23T05:42:04","slug":"sweat-a-capuche-cowboy","status":"publish","type":"product","link":"https:\/\/streetmarkets.fr\/app\/produit\/sweat-a-capuche-cowboy\/","title":{"rendered":"SWEAT \u00c0 CAPUCHE COWBOY"},"content":{"rendered":"<p>Description: <\/p>\n<p>D\u00e9couvrez notre sweat \u00e0 capuche incontournable, orn\u00e9 d&#8217;un imprim\u00e9 souffl\u00e9 et d&#8217;un \u00e9cusson \u00e9l\u00e9gant. Sa coupe d\u00e9contract\u00e9e et surdimensionn\u00e9e, associ\u00e9e \u00e0 un int\u00e9rieur en polaire ultra-douillet, vous enveloppe de confort. Ce mod\u00e8le est compl\u00e9t\u00e9 par une bande en tricot aux poignets et \u00e0 l&#8217;ourlet pour un ajustement parfait. Avec sa capuche ajustable \u00e0 cordon de serrage et sa poche kanga discr\u00e8te \u00e0 l&#8217;avant, ce sweat est \u00e0 la fois styl\u00e9 et fonctionnel. Ne manquez pas l&#8217;occasion de l&#8217;ajouter \u00e0 votre garde-robe en le commandant d\u00e8s maintenant en ligne !<\/p>\n<p><\/p>\n","protected":false},"excerpt":{"rendered":"<p>Description: D\u00e9couvrez notre sweat \u00e0 capuche incontournable, orn\u00e9 d&#8217;un imprim\u00e9 souffl\u00e9 et d&#8217;un \u00e9cusson \u00e9l\u00e9gant. Sa coupe d\u00e9contract\u00e9e et surdimensionn\u00e9e, associ\u00e9e \u00e0 un int\u00e9rieur en polaire ultra-douillet, vous enveloppe de confort. Ce mod\u00e8le est compl\u00e9t\u00e9 par une bande en tricot aux poignets et \u00e0 l&#8217;ourlet pour un ajustement parfait. Avec sa capuche ajustable \u00e0 cordon [&hellip;]<\/p>\n","protected":false},"featured_media":1340479,"comment_status":"open","ping_status":"closed","template":"","meta":[],"product_brand":[],"product_cat":[1756,1762],"product_tag":[1813],"acf":[],"_links":{"self":[{"href":"https:\/\/streetmarkets.fr\/app\/wp-json\/wp\/v2\/product\/1340478"}],"collection":[{"href":"https:\/\/streetmarkets.fr\/app\/wp-json\/wp\/v2\/product"}],"about":[{"href":"https:\/\/streetmarkets.fr\/app\/wp-json\/wp\/v2\/types\/product"}],"replies":[{"embeddable":true,"href":"https:\/\/streetmarkets.fr\/app\/wp-json\/wp\/v2\/comments?post=1340478"}],"wp:featuredmedia":[{"embeddable":true,"href":"https:\/\/streetmarkets.fr\/app\/wp-json\/wp\/v2\/media\/1340479"}],"wp:attachment":[{"href":"https:\/\/streetmarkets.fr\/app\/wp-json\/wp\/v2\/media?parent=1340478"}],"wp:term":[{"taxonomy":"product_brand","embeddable":true,"href":"https:\/\/streetmarkets.fr\/app\/wp-json\/wp\/v2\/product_brand?post=1340478"},{"taxonomy":"product_cat","embeddable":true,"href":"https:\/\/streetmarkets.fr\/app\/wp-json\/wp\/v2\/product_cat?post=1340478"},{"taxonomy":"product_tag","embeddable":true,"href":"https:\/\/streetmarkets.fr\/app\/wp-json\/wp\/v2\/product_tag?post=1340478"}],"curies":[{"name":"wp","href":"https:\/\/api.w.org\/{rel}","templated":true}]}}