{"id":1326542,"date":"2025-02-08T01:14:12","date_gmt":"2025-02-08T00:14:12","guid":{"rendered":"https:\/\/streetmarkets.fr\/app\/produit\/top-debardeur-s25-femme-noir\/"},"modified":"2025-09-15T01:53:10","modified_gmt":"2025-09-14T23:53:10","slug":"top-debardeur-s25-femme-noir","status":"publish","type":"product","link":"https:\/\/streetmarkets.fr\/app\/produit\/top-debardeur-s25-femme-noir\/","title":{"rendered":"Top D\u00e9bardeur Liser\u00e9s Contrast\u00e9s (S25 \/ FEMME \/ Noir)"},"content":{"rendered":"<p>&#8211; Top d\u00e9bardeur en laine m\u00e9rinos 2 fils Femme<br \/>\n<br \/>&#8211; C\u00f4tel\u00e9<br \/>\n<br \/>&#8211; Bords contrast\u00e9s<br \/>\n<br \/>&#8211; Col rond<br \/>\n<br \/>&#8211; Bretelles larges<br \/>\n<br \/>&#8211; Coupe slim<br \/>\n<br \/>&#8211; Laine m\u00e9rinos : respirante et thermor\u00e9gulatrice, elle peut \u00eatre port\u00e9e \u00e9t\u00e9 comme hiver<\/p>\n","protected":false},"excerpt":{"rendered":"<p>&#8211; Top d\u00e9bardeur en laine m\u00e9rinos 2 fils Femme &#8211; C\u00f4tel\u00e9 &#8211; Bords contrast\u00e9s &#8211; Col rond &#8211; Bretelles larges &#8211; Coupe slim &#8211; Laine m\u00e9rinos : respirante et thermor\u00e9gulatrice, elle peut \u00eatre port\u00e9e \u00e9t\u00e9 comme hiver<\/p>\n","protected":false},"featured_media":1326543,"comment_status":"open","ping_status":"closed","template":"","meta":[],"product_brand":[6868],"product_cat":[1756,1762],"product_tag":[2244],"acf":[],"_links":{"self":[{"href":"https:\/\/streetmarkets.fr\/app\/wp-json\/wp\/v2\/product\/1326542"}],"collection":[{"href":"https:\/\/streetmarkets.fr\/app\/wp-json\/wp\/v2\/product"}],"about":[{"href":"https:\/\/streetmarkets.fr\/app\/wp-json\/wp\/v2\/types\/product"}],"replies":[{"embeddable":true,"href":"https:\/\/streetmarkets.fr\/app\/wp-json\/wp\/v2\/comments?post=1326542"}],"wp:featuredmedia":[{"embeddable":true,"href":"https:\/\/streetmarkets.fr\/app\/wp-json\/wp\/v2\/media\/1326543"}],"wp:attachment":[{"href":"https:\/\/streetmarkets.fr\/app\/wp-json\/wp\/v2\/media?parent=1326542"}],"wp:term":[{"taxonomy":"product_brand","embeddable":true,"href":"https:\/\/streetmarkets.fr\/app\/wp-json\/wp\/v2\/product_brand?post=1326542"},{"taxonomy":"product_cat","embeddable":true,"href":"https:\/\/streetmarkets.fr\/app\/wp-json\/wp\/v2\/product_cat?post=1326542"},{"taxonomy":"product_tag","embeddable":true,"href":"https:\/\/streetmarkets.fr\/app\/wp-json\/wp\/v2\/product_tag?post=1326542"}],"curies":[{"name":"wp","href":"https:\/\/api.w.org\/{rel}","templated":true}]}}