{"id":1326530,"date":"2025-02-08T01:14:11","date_gmt":"2025-02-08T00:14:11","guid":{"rendered":"https:\/\/streetmarkets.fr\/app\/produit\/top-debardeur-s25-femme-sunset-green\/"},"modified":"2025-09-28T02:20:50","modified_gmt":"2025-09-28T00:20:50","slug":"top-debardeur-s25-femme-sunset-green","status":"publish","type":"product","link":"https:\/\/streetmarkets.fr\/app\/produit\/top-debardeur-s25-femme-sunset-green\/","title":{"rendered":"Top D\u00e9bardeur Bords Contrast\u00e9s (S25 \/ FEMME \/ Sunset Green)"},"content":{"rendered":"<p>&#8211; Top d\u00e9bardeur court en laine m\u00e9rinos 2 fils Femme <br \/>&#8211; C\u00f4tel\u00e9 <br \/>&#8211; Bords contrast\u00e9s <br \/>&#8211; D\u00e9collet\u00e9 en V <br \/>&#8211; Bretelles fines <br \/>&#8211; Coupe slim <br \/>&#8211; Laine m\u00e9rinos : respirante et thermor\u00e9gulatrice, elle peut \u00eatre port\u00e9e \u00e9t\u00e9 comme hiver<\/p>\n","protected":false},"excerpt":{"rendered":"<p>&#8211; Top d\u00e9bardeur court en laine m\u00e9rinos 2 fils Femme &#8211; C\u00f4tel\u00e9 &#8211; Bords contrast\u00e9s &#8211; D\u00e9collet\u00e9 en V &#8211; Bretelles fines &#8211; Coupe slim &#8211; Laine m\u00e9rinos : respirante et thermor\u00e9gulatrice, elle peut \u00eatre port\u00e9e \u00e9t\u00e9 comme hiver<\/p>\n","protected":false},"featured_media":1326531,"comment_status":"open","ping_status":"closed","template":"","meta":[],"product_brand":[6868],"product_cat":[1756,1762],"product_tag":[2244],"acf":[],"_links":{"self":[{"href":"https:\/\/streetmarkets.fr\/app\/wp-json\/wp\/v2\/product\/1326530"}],"collection":[{"href":"https:\/\/streetmarkets.fr\/app\/wp-json\/wp\/v2\/product"}],"about":[{"href":"https:\/\/streetmarkets.fr\/app\/wp-json\/wp\/v2\/types\/product"}],"replies":[{"embeddable":true,"href":"https:\/\/streetmarkets.fr\/app\/wp-json\/wp\/v2\/comments?post=1326530"}],"wp:featuredmedia":[{"embeddable":true,"href":"https:\/\/streetmarkets.fr\/app\/wp-json\/wp\/v2\/media\/1326531"}],"wp:attachment":[{"href":"https:\/\/streetmarkets.fr\/app\/wp-json\/wp\/v2\/media?parent=1326530"}],"wp:term":[{"taxonomy":"product_brand","embeddable":true,"href":"https:\/\/streetmarkets.fr\/app\/wp-json\/wp\/v2\/product_brand?post=1326530"},{"taxonomy":"product_cat","embeddable":true,"href":"https:\/\/streetmarkets.fr\/app\/wp-json\/wp\/v2\/product_cat?post=1326530"},{"taxonomy":"product_tag","embeddable":true,"href":"https:\/\/streetmarkets.fr\/app\/wp-json\/wp\/v2\/product_tag?post=1326530"}],"curies":[{"name":"wp","href":"https:\/\/api.w.org\/{rel}","templated":true}]}}