{"id":1326360,"date":"2025-02-08T01:12:58","date_gmt":"2025-02-08T00:12:58","guid":{"rendered":"https:\/\/streetmarkets.fr\/app\/produit\/pull-hoodie-s25-homme-storm-blue\/"},"modified":"2025-10-07T01:44:46","modified_gmt":"2025-10-06T23:44:46","slug":"pull-hoodie-s25-homme-storm-blue","status":"publish","type":"product","link":"https:\/\/streetmarkets.fr\/app\/produit\/pull-hoodie-s25-homme-storm-blue\/","title":{"rendered":"Pull Hoodie (S25 \/ HOMME \/ Storm Blue)"},"content":{"rendered":"<p>&#8211; Pull hoodie en cachemire 2 fils certifi\u00e9 GCS\u00ae Homme <br \/>&#8211; Capuche \u00e0 cordons <br \/>&#8211; Manches longues <br \/>&#8211; Poche avant <br \/>&#8211; Bords c\u00f4tel\u00e9s <br \/>&#8211; Coupe regular <br \/>&#8211; Le Good Cashmere Standard\u00ae (GCS) est une norme ind\u00e9pendante pour un cachemire plus durable et plus responsable. Il vise \u00e0 am\u00e9liorer le bien-\u00eatre des ch\u00e8vres cachemire, les conditions de travail des \u00e9leveurs ainsi qu&#8217;\u00e0 prot\u00e9ger l&#8217;environnement.<\/p>\n","protected":false},"excerpt":{"rendered":"<p>&#8211; Pull hoodie en cachemire 2 fils certifi\u00e9 GCS\u00ae Homme &#8211; Capuche \u00e0 cordons &#8211; Manches longues &#8211; Poche avant &#8211; Bords c\u00f4tel\u00e9s &#8211; Coupe regular &#8211; Le Good Cashmere Standard\u00ae (GCS) est une norme ind\u00e9pendante pour un cachemire plus durable et plus responsable. Il vise \u00e0 am\u00e9liorer le bien-\u00eatre des ch\u00e8vres cachemire, les conditions [&hellip;]<\/p>\n","protected":false},"featured_media":1326361,"comment_status":"open","ping_status":"closed","template":"","meta":[],"product_brand":[6868],"product_cat":[1756,1758],"product_tag":[2244],"acf":[],"_links":{"self":[{"href":"https:\/\/streetmarkets.fr\/app\/wp-json\/wp\/v2\/product\/1326360"}],"collection":[{"href":"https:\/\/streetmarkets.fr\/app\/wp-json\/wp\/v2\/product"}],"about":[{"href":"https:\/\/streetmarkets.fr\/app\/wp-json\/wp\/v2\/types\/product"}],"replies":[{"embeddable":true,"href":"https:\/\/streetmarkets.fr\/app\/wp-json\/wp\/v2\/comments?post=1326360"}],"wp:featuredmedia":[{"embeddable":true,"href":"https:\/\/streetmarkets.fr\/app\/wp-json\/wp\/v2\/media\/1326361"}],"wp:attachment":[{"href":"https:\/\/streetmarkets.fr\/app\/wp-json\/wp\/v2\/media?parent=1326360"}],"wp:term":[{"taxonomy":"product_brand","embeddable":true,"href":"https:\/\/streetmarkets.fr\/app\/wp-json\/wp\/v2\/product_brand?post=1326360"},{"taxonomy":"product_cat","embeddable":true,"href":"https:\/\/streetmarkets.fr\/app\/wp-json\/wp\/v2\/product_cat?post=1326360"},{"taxonomy":"product_tag","embeddable":true,"href":"https:\/\/streetmarkets.fr\/app\/wp-json\/wp\/v2\/product_tag?post=1326360"}],"curies":[{"name":"wp","href":"https:\/\/api.w.org\/{rel}","templated":true}]}}