{"id":1326223,"date":"2025-02-08T01:12:47","date_gmt":"2025-02-08T00:12:47","guid":{"rendered":"https:\/\/streetmarkets.fr\/app\/produit\/top-manches-courtes-bicolore-s25-femme-navy\/"},"modified":"2025-08-21T01:49:52","modified_gmt":"2025-08-20T23:49:52","slug":"top-manches-courtes-bicolore-s25-femme-navy","status":"publish","type":"product","link":"https:\/\/streetmarkets.fr\/app\/produit\/top-manches-courtes-bicolore-s25-femme-navy\/","title":{"rendered":"Top Manches Courtes Bicolore (S25 \/ FEMME \/ Navy)"},"content":{"rendered":"<p>&#8211; Top en laine m\u00e9rinos 2 fils Femme<br \/>\n<br \/>&#8211; C\u00f4tel\u00e9<br \/>\n<br \/>&#8211; Col polo contrast\u00e9<br \/>\n<br \/>&#8211; Manches courtes<br \/>\n<br \/>&#8211; Coupe slim<br \/>\n<br \/>&#8211; Laine m\u00e9rinos : respirante et thermor\u00e9gulatrice, elle peut \u00eatre port\u00e9e \u00e9t\u00e9 comme hiver<\/p>\n","protected":false},"excerpt":{"rendered":"<p>&#8211; Top en laine m\u00e9rinos 2 fils Femme &#8211; C\u00f4tel\u00e9 &#8211; Col polo contrast\u00e9 &#8211; Manches courtes &#8211; Coupe slim &#8211; Laine m\u00e9rinos : respirante et thermor\u00e9gulatrice, elle peut \u00eatre port\u00e9e \u00e9t\u00e9 comme hiver<\/p>\n","protected":false},"featured_media":1326224,"comment_status":"open","ping_status":"closed","template":"","meta":[],"product_brand":[6868],"product_cat":[1756,1762],"product_tag":[2244],"acf":[],"_links":{"self":[{"href":"https:\/\/streetmarkets.fr\/app\/wp-json\/wp\/v2\/product\/1326223"}],"collection":[{"href":"https:\/\/streetmarkets.fr\/app\/wp-json\/wp\/v2\/product"}],"about":[{"href":"https:\/\/streetmarkets.fr\/app\/wp-json\/wp\/v2\/types\/product"}],"replies":[{"embeddable":true,"href":"https:\/\/streetmarkets.fr\/app\/wp-json\/wp\/v2\/comments?post=1326223"}],"wp:featuredmedia":[{"embeddable":true,"href":"https:\/\/streetmarkets.fr\/app\/wp-json\/wp\/v2\/media\/1326224"}],"wp:attachment":[{"href":"https:\/\/streetmarkets.fr\/app\/wp-json\/wp\/v2\/media?parent=1326223"}],"wp:term":[{"taxonomy":"product_brand","embeddable":true,"href":"https:\/\/streetmarkets.fr\/app\/wp-json\/wp\/v2\/product_brand?post=1326223"},{"taxonomy":"product_cat","embeddable":true,"href":"https:\/\/streetmarkets.fr\/app\/wp-json\/wp\/v2\/product_cat?post=1326223"},{"taxonomy":"product_tag","embeddable":true,"href":"https:\/\/streetmarkets.fr\/app\/wp-json\/wp\/v2\/product_tag?post=1326223"}],"curies":[{"name":"wp","href":"https:\/\/api.w.org\/{rel}","templated":true}]}}