{"id":1326158,"date":"2025-02-08T01:12:41","date_gmt":"2025-02-08T00:12:41","guid":{"rendered":"https:\/\/streetmarkets.fr\/app\/produit\/pull-col-polo-zippe-bicolore-s25-homme-light-beige\/"},"modified":"2025-10-02T01:59:01","modified_gmt":"2025-10-01T23:59:01","slug":"pull-col-polo-zippe-bicolore-s25-homme-light-beige","status":"publish","type":"product","link":"https:\/\/streetmarkets.fr\/app\/produit\/pull-col-polo-zippe-bicolore-s25-homme-light-beige\/","title":{"rendered":"Pull Col Polo Zipp\u00e9 (S25 \/ HOMME \/ Light Beige)"},"content":{"rendered":"<p>&#8211; Pull en laine m\u00e9rinos 2 fils Homme<br \/>\n<br \/>&#8211; Col polo zipp\u00e9 bicolore<br \/>\n<br \/>&#8211; Manches courtes \u00e0 bords contrast\u00e9s<br \/>\n<br \/>&#8211; Coupe slim<br \/>\n<br \/>&#8211; Laine m\u00e9rinos : respirante et thermor\u00e9gulatrice, elle peut \u00eatre port\u00e9e \u00e9t\u00e9 comme hiver<\/p>\n","protected":false},"excerpt":{"rendered":"<p>&#8211; Pull en laine m\u00e9rinos 2 fils Homme &#8211; Col polo zipp\u00e9 bicolore &#8211; Manches courtes \u00e0 bords contrast\u00e9s &#8211; Coupe slim &#8211; Laine m\u00e9rinos : respirante et thermor\u00e9gulatrice, elle peut \u00eatre port\u00e9e \u00e9t\u00e9 comme hiver<\/p>\n","protected":false},"featured_media":1326159,"comment_status":"open","ping_status":"closed","template":"","meta":[],"product_brand":[6868],"product_cat":[1756,1758],"product_tag":[2244],"acf":[],"_links":{"self":[{"href":"https:\/\/streetmarkets.fr\/app\/wp-json\/wp\/v2\/product\/1326158"}],"collection":[{"href":"https:\/\/streetmarkets.fr\/app\/wp-json\/wp\/v2\/product"}],"about":[{"href":"https:\/\/streetmarkets.fr\/app\/wp-json\/wp\/v2\/types\/product"}],"replies":[{"embeddable":true,"href":"https:\/\/streetmarkets.fr\/app\/wp-json\/wp\/v2\/comments?post=1326158"}],"wp:featuredmedia":[{"embeddable":true,"href":"https:\/\/streetmarkets.fr\/app\/wp-json\/wp\/v2\/media\/1326159"}],"wp:attachment":[{"href":"https:\/\/streetmarkets.fr\/app\/wp-json\/wp\/v2\/media?parent=1326158"}],"wp:term":[{"taxonomy":"product_brand","embeddable":true,"href":"https:\/\/streetmarkets.fr\/app\/wp-json\/wp\/v2\/product_brand?post=1326158"},{"taxonomy":"product_cat","embeddable":true,"href":"https:\/\/streetmarkets.fr\/app\/wp-json\/wp\/v2\/product_cat?post=1326158"},{"taxonomy":"product_tag","embeddable":true,"href":"https:\/\/streetmarkets.fr\/app\/wp-json\/wp\/v2\/product_tag?post=1326158"}],"curies":[{"name":"wp","href":"https:\/\/api.w.org\/{rel}","templated":true}]}}