{"id":1326118,"date":"2025-02-08T01:12:36","date_gmt":"2025-02-08T00:12:36","guid":{"rendered":"https:\/\/streetmarkets.fr\/app\/produit\/pull-hoodie-s25-homme-sunset-grey\/"},"modified":"2025-08-18T01:49:19","modified_gmt":"2025-08-17T23:49:19","slug":"pull-hoodie-s25-homme-sunset-grey","status":"publish","type":"product","link":"https:\/\/streetmarkets.fr\/app\/produit\/pull-hoodie-s25-homme-sunset-grey\/","title":{"rendered":"Pull Hoodie (S25 \/ HOMME \/ Sunset Grey)"},"content":{"rendered":"<p>Confectionn\u00e9 en cachemire 2 fils, ce pull hoodie s&#8217;impose comme un indispensable du vestiaire masculin. Il d\u00e9voile une capuche \u00e0 cordons, une poche avant, des manches longues et des bords c\u00f4tel\u00e9s. Intemporel et versatile, mixez-le \u00e0 un pantalon structur\u00e9 ou un jean ample.<\/p>\n<p>&#8211; Pull hoodie en cachemire 2 fils certifi\u00e9 GCS\u00ae Homme<br \/>\n<br \/>&#8211; Capuche \u00e0 cordons<br \/>\n<br \/>&#8211; Manches longues<br \/>\n<br \/>&#8211; Poche avant<br \/>\n<br \/>&#8211; Bords c\u00f4tel\u00e9s<br \/>\n<br \/>&#8211; Coupe regular<br \/>\n<br \/>&#8211; Le Good Cashmere Standard\u00ae (GCS) est une norme ind\u00e9pendante pour un cachemire plus durable et plus responsable. Il vise \u00e0 am\u00e9liorer le bien-\u00eatre des ch\u00e8vres cachemire, les conditions de travail des \u00e9leveurs ainsi qu&#8217;\u00e0 prot\u00e9ger l&#8217;environnement.<\/p>\n","protected":false},"excerpt":{"rendered":"<p>Confectionn\u00e9 en cachemire 2 fils, ce pull hoodie s&#8217;impose comme un indispensable du vestiaire masculin. Il d\u00e9voile une capuche \u00e0 cordons, une poche avant, des manches longues et des bords c\u00f4tel\u00e9s. Intemporel et versatile, mixez-le \u00e0 un pantalon structur\u00e9 ou un jean ample. &#8211; Pull hoodie en cachemire 2 fils certifi\u00e9 GCS\u00ae Homme &#8211; Capuche [&hellip;]<\/p>\n","protected":false},"featured_media":1326119,"comment_status":"open","ping_status":"closed","template":"","meta":[],"product_brand":[6868],"product_cat":[1756,1758],"product_tag":[2244],"acf":[],"_links":{"self":[{"href":"https:\/\/streetmarkets.fr\/app\/wp-json\/wp\/v2\/product\/1326118"}],"collection":[{"href":"https:\/\/streetmarkets.fr\/app\/wp-json\/wp\/v2\/product"}],"about":[{"href":"https:\/\/streetmarkets.fr\/app\/wp-json\/wp\/v2\/types\/product"}],"replies":[{"embeddable":true,"href":"https:\/\/streetmarkets.fr\/app\/wp-json\/wp\/v2\/comments?post=1326118"}],"wp:featuredmedia":[{"embeddable":true,"href":"https:\/\/streetmarkets.fr\/app\/wp-json\/wp\/v2\/media\/1326119"}],"wp:attachment":[{"href":"https:\/\/streetmarkets.fr\/app\/wp-json\/wp\/v2\/media?parent=1326118"}],"wp:term":[{"taxonomy":"product_brand","embeddable":true,"href":"https:\/\/streetmarkets.fr\/app\/wp-json\/wp\/v2\/product_brand?post=1326118"},{"taxonomy":"product_cat","embeddable":true,"href":"https:\/\/streetmarkets.fr\/app\/wp-json\/wp\/v2\/product_cat?post=1326118"},{"taxonomy":"product_tag","embeddable":true,"href":"https:\/\/streetmarkets.fr\/app\/wp-json\/wp\/v2\/product_tag?post=1326118"}],"curies":[{"name":"wp","href":"https:\/\/api.w.org\/{rel}","templated":true}]}}