{"id":1326108,"date":"2025-02-08T01:11:48","date_gmt":"2025-02-08T00:11:48","guid":{"rendered":"https:\/\/streetmarkets.fr\/app\/produit\/pull-col-rond-bas-a-bandes-multicolores-s25-femme-sable\/"},"modified":"2025-09-09T01:52:01","modified_gmt":"2025-09-08T23:52:01","slug":"pull-col-rond-bas-a-bandes-multicolores-s25-femme-sable","status":"publish","type":"product","link":"https:\/\/streetmarkets.fr\/app\/produit\/pull-col-rond-bas-a-bandes-multicolores-s25-femme-sable\/","title":{"rendered":"Pull Col Rond Bas \u00e0 Bandes Multicolores (S25 \/ FEMME \/ Sable)"},"content":{"rendered":"<p>Confectionn\u00e9 en cachemire 2 fils, ce pull court r\u00e9v\u00e8le des bandes multicolores pour une allure vibrante et audacieuse. Muni d&#8217;un col rond, de manches longues et de bords c\u00f4tel\u00e9s, il se porte sans effort avec votre denim pr\u00e9f\u00e9r\u00e9.<\/p>\n<p>&#8211; Pull court en cachemire 2 fils certifi\u00e9 GCS\u00ae Femme<br \/>\n<br \/>&#8211; Col rond<br \/>\n<br \/>&#8211; Manches longues<br \/>\n<br \/>&#8211; Bandes multicolores au bas<br \/>\n<br \/>&#8211; Bords c\u00f4tel\u00e9s<br \/>\n<br \/>&#8211; Coupe regular<br \/>\n<br \/>&#8211; Le Good Cashmere Standard\u00ae (GCS) est une norme ind\u00e9pendante pour un cachemire plus durable et plus responsable. Il vise \u00e0 am\u00e9liorer le bien-\u00eatre des ch\u00e8vres cachemire, les conditions de travail des \u00e9leveurs ainsi qu&#8217;\u00e0 prot\u00e9ger l&#8217;environnement.<\/p>\n","protected":false},"excerpt":{"rendered":"<p>Confectionn\u00e9 en cachemire 2 fils, ce pull court r\u00e9v\u00e8le des bandes multicolores pour une allure vibrante et audacieuse. Muni d&#8217;un col rond, de manches longues et de bords c\u00f4tel\u00e9s, il se porte sans effort avec votre denim pr\u00e9f\u00e9r\u00e9. &#8211; Pull court en cachemire 2 fils certifi\u00e9 GCS\u00ae Femme &#8211; Col rond &#8211; Manches longues &#8211; [&hellip;]<\/p>\n","protected":false},"featured_media":1326109,"comment_status":"open","ping_status":"closed","template":"","meta":[],"product_brand":[6868],"product_cat":[1756,1762],"product_tag":[2244],"acf":[],"_links":{"self":[{"href":"https:\/\/streetmarkets.fr\/app\/wp-json\/wp\/v2\/product\/1326108"}],"collection":[{"href":"https:\/\/streetmarkets.fr\/app\/wp-json\/wp\/v2\/product"}],"about":[{"href":"https:\/\/streetmarkets.fr\/app\/wp-json\/wp\/v2\/types\/product"}],"replies":[{"embeddable":true,"href":"https:\/\/streetmarkets.fr\/app\/wp-json\/wp\/v2\/comments?post=1326108"}],"wp:featuredmedia":[{"embeddable":true,"href":"https:\/\/streetmarkets.fr\/app\/wp-json\/wp\/v2\/media\/1326109"}],"wp:attachment":[{"href":"https:\/\/streetmarkets.fr\/app\/wp-json\/wp\/v2\/media?parent=1326108"}],"wp:term":[{"taxonomy":"product_brand","embeddable":true,"href":"https:\/\/streetmarkets.fr\/app\/wp-json\/wp\/v2\/product_brand?post=1326108"},{"taxonomy":"product_cat","embeddable":true,"href":"https:\/\/streetmarkets.fr\/app\/wp-json\/wp\/v2\/product_cat?post=1326108"},{"taxonomy":"product_tag","embeddable":true,"href":"https:\/\/streetmarkets.fr\/app\/wp-json\/wp\/v2\/product_tag?post=1326108"}],"curies":[{"name":"wp","href":"https:\/\/api.w.org\/{rel}","templated":true}]}}