{"id":1326099,"date":"2025-02-08T01:11:48","date_gmt":"2025-02-08T00:11:48","guid":{"rendered":"https:\/\/streetmarkets.fr\/app\/produit\/pull-sans-manches-coeur-s25-femme-tropical-taupe\/"},"modified":"2025-10-07T01:44:46","modified_gmt":"2025-10-06T23:44:46","slug":"pull-sans-manches-coeur-s25-femme-tropical-taupe","status":"publish","type":"product","link":"https:\/\/streetmarkets.fr\/app\/produit\/pull-sans-manches-coeur-s25-femme-tropical-taupe\/","title":{"rendered":"Pull Sans Manches C\u0153ur (S25 \/ FEMME \/ Tropical Taupe)"},"content":{"rendered":"<p>Rejoignez le Club avec ce pull sans manches, confectionn\u00e9 en cachemire 2 fils. Avec un col rond et des bords c\u00f4tel\u00e9s, il d\u00e9voile un c\u0153ur brod\u00e9 &#8220;FUTURE&#8221; sur la poitrine. \u00c0 porter seul ou en superposition, glissez-le sur une chemise et un pantalon de tailleur pour un look chic et casual.<\/p>\n<p>&#8211; Pull sans manches court en cachemire 2 fils certifi\u00e9 GCS\u00ae Femme <br \/>&#8211; C\u0153ur brod\u00e9 intarsia &#8220;FUTURE&#8221; sur la poitrine <br \/>&#8211; Col rond <br \/>&#8211; Bords c\u00f4tel\u00e9s <br \/>&#8211; Coupe regular <br \/>&#8211; Le Good Cashmere Standard\u00ae (GCS) est une norme ind\u00e9pendante pour un cachemire plus durable et plus responsable. Il vise \u00e0 am\u00e9liorer le bien-\u00eatre des ch\u00e8vres cachemire, les conditions de travail des \u00e9leveurs ainsi qu&#8217;\u00e0 prot\u00e9ger l&#8217;environnement.<\/p>\n","protected":false},"excerpt":{"rendered":"<p>Rejoignez le Club avec ce pull sans manches, confectionn\u00e9 en cachemire 2 fils. Avec un col rond et des bords c\u00f4tel\u00e9s, il d\u00e9voile un c\u0153ur brod\u00e9 &#8220;FUTURE&#8221; sur la poitrine. \u00c0 porter seul ou en superposition, glissez-le sur une chemise et un pantalon de tailleur pour un look chic et casual. &#8211; Pull sans manches [&hellip;]<\/p>\n","protected":false},"featured_media":1326100,"comment_status":"open","ping_status":"closed","template":"","meta":[],"product_brand":[6868],"product_cat":[1756,1762],"product_tag":[2244],"acf":[],"_links":{"self":[{"href":"https:\/\/streetmarkets.fr\/app\/wp-json\/wp\/v2\/product\/1326099"}],"collection":[{"href":"https:\/\/streetmarkets.fr\/app\/wp-json\/wp\/v2\/product"}],"about":[{"href":"https:\/\/streetmarkets.fr\/app\/wp-json\/wp\/v2\/types\/product"}],"replies":[{"embeddable":true,"href":"https:\/\/streetmarkets.fr\/app\/wp-json\/wp\/v2\/comments?post=1326099"}],"wp:featuredmedia":[{"embeddable":true,"href":"https:\/\/streetmarkets.fr\/app\/wp-json\/wp\/v2\/media\/1326100"}],"wp:attachment":[{"href":"https:\/\/streetmarkets.fr\/app\/wp-json\/wp\/v2\/media?parent=1326099"}],"wp:term":[{"taxonomy":"product_brand","embeddable":true,"href":"https:\/\/streetmarkets.fr\/app\/wp-json\/wp\/v2\/product_brand?post=1326099"},{"taxonomy":"product_cat","embeddable":true,"href":"https:\/\/streetmarkets.fr\/app\/wp-json\/wp\/v2\/product_cat?post=1326099"},{"taxonomy":"product_tag","embeddable":true,"href":"https:\/\/streetmarkets.fr\/app\/wp-json\/wp\/v2\/product_tag?post=1326099"}],"curies":[{"name":"wp","href":"https:\/\/api.w.org\/{rel}","templated":true}]}}