{"id":1326081,"date":"2025-02-08T01:11:47","date_gmt":"2025-02-08T00:11:47","guid":{"rendered":"https:\/\/streetmarkets.fr\/app\/produit\/pull-col-polo-rayures-s25-femme-baby-blue\/"},"modified":"2025-10-02T01:59:00","modified_gmt":"2025-10-01T23:59:00","slug":"pull-col-polo-rayures-s25-femme-baby-blue","status":"publish","type":"product","link":"https:\/\/streetmarkets.fr\/app\/produit\/pull-col-polo-rayures-s25-femme-baby-blue\/","title":{"rendered":"Pull Col Polo Rayures (S25 \/ FEMME \/ Baby Blue)"},"content":{"rendered":"<p>Le pull \u00e0 col polo est revisit\u00e9 avec un jeu de rayures et une broderie &#8220;From Future Est. 2018&#8221;. Confectionn\u00e9 en cachemire 2 fils, il est muni de manches longues et de bords c\u00f4tel\u00e9s. Un incontournable pour des looks d\u00e9contract\u00e9s comme plus sophistiqu\u00e9s.<\/p>\n<p>&#8211; Pull en cachemire 2 fils certifi\u00e9 GCS\u00ae Femme<br \/>\n<br \/>&#8211; Motifs rayures<br \/>\n<br \/>&#8211; Broderie &#8220;From Future Est. 2018&#8221;<br \/>\n<br \/>&#8211; Col polo<br \/>\n<br \/>&#8211; Manches longues<br \/>\n<br \/>&#8211; Bords c\u00f4tel\u00e9s<br \/>\n<br \/>&#8211; Coupe oversize<br \/>\n<br \/>&#8211; Le Good Cashmere Standard\u00ae (GCS) est une norme ind\u00e9pendante pour un cachemire plus durable et plus responsable. Il vise \u00e0 am\u00e9liorer le bien-\u00eatre des ch\u00e8vres cachemire, les conditions de travail des \u00e9leveurs ainsi qu&#8217;\u00e0 prot\u00e9ger l&#8217;environnement.<\/p>\n","protected":false},"excerpt":{"rendered":"<p>Le pull \u00e0 col polo est revisit\u00e9 avec un jeu de rayures et une broderie &#8220;From Future Est. 2018&#8221;. Confectionn\u00e9 en cachemire 2 fils, il est muni de manches longues et de bords c\u00f4tel\u00e9s. Un incontournable pour des looks d\u00e9contract\u00e9s comme plus sophistiqu\u00e9s. &#8211; Pull en cachemire 2 fils certifi\u00e9 GCS\u00ae Femme &#8211; Motifs rayures [&hellip;]<\/p>\n","protected":false},"featured_media":1326082,"comment_status":"open","ping_status":"closed","template":"","meta":[],"product_brand":[6868],"product_cat":[1756,1762],"product_tag":[2244],"acf":[],"_links":{"self":[{"href":"https:\/\/streetmarkets.fr\/app\/wp-json\/wp\/v2\/product\/1326081"}],"collection":[{"href":"https:\/\/streetmarkets.fr\/app\/wp-json\/wp\/v2\/product"}],"about":[{"href":"https:\/\/streetmarkets.fr\/app\/wp-json\/wp\/v2\/types\/product"}],"replies":[{"embeddable":true,"href":"https:\/\/streetmarkets.fr\/app\/wp-json\/wp\/v2\/comments?post=1326081"}],"wp:featuredmedia":[{"embeddable":true,"href":"https:\/\/streetmarkets.fr\/app\/wp-json\/wp\/v2\/media\/1326082"}],"wp:attachment":[{"href":"https:\/\/streetmarkets.fr\/app\/wp-json\/wp\/v2\/media?parent=1326081"}],"wp:term":[{"taxonomy":"product_brand","embeddable":true,"href":"https:\/\/streetmarkets.fr\/app\/wp-json\/wp\/v2\/product_brand?post=1326081"},{"taxonomy":"product_cat","embeddable":true,"href":"https:\/\/streetmarkets.fr\/app\/wp-json\/wp\/v2\/product_cat?post=1326081"},{"taxonomy":"product_tag","embeddable":true,"href":"https:\/\/streetmarkets.fr\/app\/wp-json\/wp\/v2\/product_tag?post=1326081"}],"curies":[{"name":"wp","href":"https:\/\/api.w.org\/{rel}","templated":true}]}}