{"id":1326071,"date":"2025-02-08T01:11:46","date_gmt":"2025-02-08T00:11:46","guid":{"rendered":"https:\/\/streetmarkets.fr\/app\/produit\/chemise-manches-courtes-s25-homme-navy\/"},"modified":"2025-07-26T01:49:01","modified_gmt":"2025-07-25T23:49:01","slug":"chemise-manches-courtes-s25-homme-navy","status":"publish","type":"product","link":"https:\/\/streetmarkets.fr\/app\/produit\/chemise-manches-courtes-s25-homme-navy\/","title":{"rendered":"Chemise Manches Courtes (S25 \/ HOMME \/ Navy)"},"content":{"rendered":"<p>Ajust\u00e9e et structur\u00e9e, cette chemise se pare de rayures contrast\u00e9es. Confectionn\u00e9e en cachemire 4 fils, elle d\u00e9voile une fermeture boutonn\u00e9e, des manches longues et des bords c\u00f4tel\u00e9s. Glissez-le sur un t-shirt et un pantalon de tailleur pour un look chic et casual.<\/p>\n<p>&#8211; Chemise en laine m\u00e9rinos 2 fils Homme<br \/>\n<br \/>&#8211; Imprim\u00e9 rayures contrast\u00e9es<br \/>\n<br \/>&#8211; Col chemise<br \/>\n<br \/>&#8211; Fermeture boutonn\u00e9e<br \/>\n<br \/>&#8211; Manches courtes<br \/>\n<br \/>&#8211; Bords c\u00f4tel\u00e9s<br \/>\n<br \/>&#8211; Coupe slim<br \/>\n<br \/>&#8211; Laine m\u00e9rinos : respirante et thermor\u00e9gulatrice, elle peut \u00eatre port\u00e9e \u00e9t\u00e9 comme hiver<\/p>\n","protected":false},"excerpt":{"rendered":"<p>Ajust\u00e9e et structur\u00e9e, cette chemise se pare de rayures contrast\u00e9es. Confectionn\u00e9e en cachemire 4 fils, elle d\u00e9voile une fermeture boutonn\u00e9e, des manches longues et des bords c\u00f4tel\u00e9s. Glissez-le sur un t-shirt et un pantalon de tailleur pour un look chic et casual. &#8211; Chemise en laine m\u00e9rinos 2 fils Homme &#8211; Imprim\u00e9 rayures contrast\u00e9es &#8211; [&hellip;]<\/p>\n","protected":false},"featured_media":1326072,"comment_status":"open","ping_status":"closed","template":"","meta":[],"product_brand":[6868],"product_cat":[1756,1758],"product_tag":[2244],"acf":[],"_links":{"self":[{"href":"https:\/\/streetmarkets.fr\/app\/wp-json\/wp\/v2\/product\/1326071"}],"collection":[{"href":"https:\/\/streetmarkets.fr\/app\/wp-json\/wp\/v2\/product"}],"about":[{"href":"https:\/\/streetmarkets.fr\/app\/wp-json\/wp\/v2\/types\/product"}],"replies":[{"embeddable":true,"href":"https:\/\/streetmarkets.fr\/app\/wp-json\/wp\/v2\/comments?post=1326071"}],"wp:featuredmedia":[{"embeddable":true,"href":"https:\/\/streetmarkets.fr\/app\/wp-json\/wp\/v2\/media\/1326072"}],"wp:attachment":[{"href":"https:\/\/streetmarkets.fr\/app\/wp-json\/wp\/v2\/media?parent=1326071"}],"wp:term":[{"taxonomy":"product_brand","embeddable":true,"href":"https:\/\/streetmarkets.fr\/app\/wp-json\/wp\/v2\/product_brand?post=1326071"},{"taxonomy":"product_cat","embeddable":true,"href":"https:\/\/streetmarkets.fr\/app\/wp-json\/wp\/v2\/product_cat?post=1326071"},{"taxonomy":"product_tag","embeddable":true,"href":"https:\/\/streetmarkets.fr\/app\/wp-json\/wp\/v2\/product_tag?post=1326071"}],"curies":[{"name":"wp","href":"https:\/\/api.w.org\/{rel}","templated":true}]}}