{"id":1326050,"date":"2025-02-08T01:11:44","date_gmt":"2025-02-08T00:11:44","guid":{"rendered":"https:\/\/streetmarkets.fr\/app\/produit\/pull-hoodie-future-brode-s25-homme-navy\/"},"modified":"2025-10-02T01:59:00","modified_gmt":"2025-10-01T23:59:00","slug":"pull-hoodie-future-brode-s25-homme-navy","status":"publish","type":"product","link":"https:\/\/streetmarkets.fr\/app\/produit\/pull-hoodie-future-brode-s25-homme-navy\/","title":{"rendered":"Pull Hoodie Future (S25 \/ HOMME \/ Navy)"},"content":{"rendered":"<p>Confectionn\u00e9 en laine m\u00e9rinos 4 fils, ce pull hoodie est sign\u00e9 d\u2019une broderie contrast\u00e9e &#8220;Future&#8221;. Il d\u00e9voile une capuche, des manches longues et des bords c\u00f4tel\u00e9s. \u00c0 mixer avec un pantalon large ou un jean structur\u00e9 pour un look d\u00e9contract\u00e9.<\/p>\n<p>&#8211; Pull hoodie en laine m\u00e9rinos 4 fils Homme<br \/>\n<br \/>&#8211; Broderie &#8220;Future&#8221;<br \/>\n<br \/>&#8211; Capuche<br \/>\n<br \/>&#8211; Manches longues<br \/>\n<br \/>&#8211; Bords c\u00f4tel\u00e9s<br \/>\n<br \/>&#8211; Coupe regular<br \/>\n<br \/>&#8211; Laine m\u00e9rinos : respirante et thermor\u00e9gulatrice, elle peut \u00eatre port\u00e9e \u00e9t\u00e9 comme hiver<\/p>\n","protected":false},"excerpt":{"rendered":"<p>Confectionn\u00e9 en laine m\u00e9rinos 4 fils, ce pull hoodie est sign\u00e9 d\u2019une broderie contrast\u00e9e &#8220;Future&#8221;. Il d\u00e9voile une capuche, des manches longues et des bords c\u00f4tel\u00e9s. \u00c0 mixer avec un pantalon large ou un jean structur\u00e9 pour un look d\u00e9contract\u00e9. &#8211; Pull hoodie en laine m\u00e9rinos 4 fils Homme &#8211; Broderie &#8220;Future&#8221; &#8211; Capuche &#8211; [&hellip;]<\/p>\n","protected":false},"featured_media":1326051,"comment_status":"open","ping_status":"closed","template":"","meta":[],"product_brand":[6868],"product_cat":[1756,1758],"product_tag":[2244],"acf":[],"_links":{"self":[{"href":"https:\/\/streetmarkets.fr\/app\/wp-json\/wp\/v2\/product\/1326050"}],"collection":[{"href":"https:\/\/streetmarkets.fr\/app\/wp-json\/wp\/v2\/product"}],"about":[{"href":"https:\/\/streetmarkets.fr\/app\/wp-json\/wp\/v2\/types\/product"}],"replies":[{"embeddable":true,"href":"https:\/\/streetmarkets.fr\/app\/wp-json\/wp\/v2\/comments?post=1326050"}],"wp:featuredmedia":[{"embeddable":true,"href":"https:\/\/streetmarkets.fr\/app\/wp-json\/wp\/v2\/media\/1326051"}],"wp:attachment":[{"href":"https:\/\/streetmarkets.fr\/app\/wp-json\/wp\/v2\/media?parent=1326050"}],"wp:term":[{"taxonomy":"product_brand","embeddable":true,"href":"https:\/\/streetmarkets.fr\/app\/wp-json\/wp\/v2\/product_brand?post=1326050"},{"taxonomy":"product_cat","embeddable":true,"href":"https:\/\/streetmarkets.fr\/app\/wp-json\/wp\/v2\/product_cat?post=1326050"},{"taxonomy":"product_tag","embeddable":true,"href":"https:\/\/streetmarkets.fr\/app\/wp-json\/wp\/v2\/product_tag?post=1326050"}],"curies":[{"name":"wp","href":"https:\/\/api.w.org\/{rel}","templated":true}]}}