{"id":1326034,"date":"2025-02-08T01:11:43","date_gmt":"2025-02-08T00:11:43","guid":{"rendered":"https:\/\/streetmarkets.fr\/app\/produit\/pull-col-polo-s25-homme-ocean-green\/"},"modified":"2025-08-18T01:49:18","modified_gmt":"2025-08-17T23:49:18","slug":"pull-col-polo-s25-homme-ocean-green","status":"publish","type":"product","link":"https:\/\/streetmarkets.fr\/app\/produit\/pull-col-polo-s25-homme-ocean-green\/","title":{"rendered":"Pull Col Polo Future Paris (S25 \/ HOMME \/ Ocean Green)"},"content":{"rendered":"<p>Confectionn\u00e9 en laine m\u00e9rinos 2 fils, ce pull arbore un col polo contrast\u00e9 et une broderie &#8220;Future Paris Est. 2018&#8221; sur la poitrine. Avec une coupe ajust\u00e9e et structur\u00e9e, il d\u00e9voile des manches courtes et ses bords c\u00f4tel\u00e9s.<\/p>\n<p>&#8211; Pull en laine m\u00e9rinos 2 fils Homme<br \/>\n<br \/>&#8211; Broderie &#8220;Future Paris Est. 2018&#8221; sur la poitrine<br \/>\n<br \/>&#8211; Col polo contrast\u00e9<br \/>\n<br \/>&#8211; Manches courtes<br \/>\n<br \/>&#8211; Bords c\u00f4tel\u00e9s<br \/>\n<br \/>&#8211; Coupe slim<br \/>\n<br \/>&#8211; Laine m\u00e9rinos : respirante et thermor\u00e9gulatrice, elle peut \u00eatre port\u00e9e \u00e9t\u00e9 comme hiver<\/p>\n","protected":false},"excerpt":{"rendered":"<p>Confectionn\u00e9 en laine m\u00e9rinos 2 fils, ce pull arbore un col polo contrast\u00e9 et une broderie &#8220;Future Paris Est. 2018&#8221; sur la poitrine. Avec une coupe ajust\u00e9e et structur\u00e9e, il d\u00e9voile des manches courtes et ses bords c\u00f4tel\u00e9s. &#8211; Pull en laine m\u00e9rinos 2 fils Homme &#8211; Broderie &#8220;Future Paris Est. 2018&#8221; sur la poitrine [&hellip;]<\/p>\n","protected":false},"featured_media":1326035,"comment_status":"open","ping_status":"closed","template":"","meta":[],"product_brand":[6868],"product_cat":[1756,1758],"product_tag":[2244],"acf":[],"_links":{"self":[{"href":"https:\/\/streetmarkets.fr\/app\/wp-json\/wp\/v2\/product\/1326034"}],"collection":[{"href":"https:\/\/streetmarkets.fr\/app\/wp-json\/wp\/v2\/product"}],"about":[{"href":"https:\/\/streetmarkets.fr\/app\/wp-json\/wp\/v2\/types\/product"}],"replies":[{"embeddable":true,"href":"https:\/\/streetmarkets.fr\/app\/wp-json\/wp\/v2\/comments?post=1326034"}],"wp:featuredmedia":[{"embeddable":true,"href":"https:\/\/streetmarkets.fr\/app\/wp-json\/wp\/v2\/media\/1326035"}],"wp:attachment":[{"href":"https:\/\/streetmarkets.fr\/app\/wp-json\/wp\/v2\/media?parent=1326034"}],"wp:term":[{"taxonomy":"product_brand","embeddable":true,"href":"https:\/\/streetmarkets.fr\/app\/wp-json\/wp\/v2\/product_brand?post=1326034"},{"taxonomy":"product_cat","embeddable":true,"href":"https:\/\/streetmarkets.fr\/app\/wp-json\/wp\/v2\/product_cat?post=1326034"},{"taxonomy":"product_tag","embeddable":true,"href":"https:\/\/streetmarkets.fr\/app\/wp-json\/wp\/v2\/product_tag?post=1326034"}],"curies":[{"name":"wp","href":"https:\/\/api.w.org\/{rel}","templated":true}]}}