{"id":1326004,"date":"2025-02-08T01:11:40","date_gmt":"2025-02-08T00:11:40","guid":{"rendered":"https:\/\/streetmarkets.fr\/app\/produit\/pull-col-camionneur-bicolore-s25-homme-ocean-green\/"},"modified":"2025-10-02T01:58:59","modified_gmt":"2025-10-01T23:58:59","slug":"pull-col-camionneur-bicolore-s25-homme-ocean-green","status":"publish","type":"product","link":"https:\/\/streetmarkets.fr\/app\/produit\/pull-col-camionneur-bicolore-s25-homme-ocean-green\/","title":{"rendered":"Pull Col Camionneur Bicolore (S25 \/ HOMME \/ Ocean Green)"},"content":{"rendered":"<p>Structurez votre silhouette avec ce pull bicolore \u00e0 col camionneur et \u00e9paules contrast\u00e9es. Confectionn\u00e9 en laine m\u00e9rinos 4 fils, il d\u00e9voile des manches longues et des bords c\u00f4tel\u00e9s. Compl\u00e9tez votre look de saison avec un pantalon ample ou un jean structur\u00e9.<\/p>\n<p>&#8211; Pull bicolore en laine m\u00e9rinos 4 fils Homme<br \/>\n<br \/>&#8211; Col camionneur et \u00e9paules contrast\u00e9s<br \/>\n<br \/>&#8211; Manches longues<br \/>\n<br \/>&#8211; Bords c\u00f4tel\u00e9s<br \/>\n<br \/>&#8211; Coupe regular<br \/>\n<br \/>&#8211; Laine m\u00e9rinos : respirante et thermor\u00e9gulatrice, elle peut \u00eatre port\u00e9e \u00e9t\u00e9 comme hiver<\/p>\n","protected":false},"excerpt":{"rendered":"<p>Structurez votre silhouette avec ce pull bicolore \u00e0 col camionneur et \u00e9paules contrast\u00e9es. Confectionn\u00e9 en laine m\u00e9rinos 4 fils, il d\u00e9voile des manches longues et des bords c\u00f4tel\u00e9s. Compl\u00e9tez votre look de saison avec un pantalon ample ou un jean structur\u00e9. &#8211; Pull bicolore en laine m\u00e9rinos 4 fils Homme &#8211; Col camionneur et \u00e9paules [&hellip;]<\/p>\n","protected":false},"featured_media":1326005,"comment_status":"open","ping_status":"closed","template":"","meta":[],"product_brand":[6868],"product_cat":[1756,1758],"product_tag":[2244],"acf":[],"_links":{"self":[{"href":"https:\/\/streetmarkets.fr\/app\/wp-json\/wp\/v2\/product\/1326004"}],"collection":[{"href":"https:\/\/streetmarkets.fr\/app\/wp-json\/wp\/v2\/product"}],"about":[{"href":"https:\/\/streetmarkets.fr\/app\/wp-json\/wp\/v2\/types\/product"}],"replies":[{"embeddable":true,"href":"https:\/\/streetmarkets.fr\/app\/wp-json\/wp\/v2\/comments?post=1326004"}],"wp:featuredmedia":[{"embeddable":true,"href":"https:\/\/streetmarkets.fr\/app\/wp-json\/wp\/v2\/media\/1326005"}],"wp:attachment":[{"href":"https:\/\/streetmarkets.fr\/app\/wp-json\/wp\/v2\/media?parent=1326004"}],"wp:term":[{"taxonomy":"product_brand","embeddable":true,"href":"https:\/\/streetmarkets.fr\/app\/wp-json\/wp\/v2\/product_brand?post=1326004"},{"taxonomy":"product_cat","embeddable":true,"href":"https:\/\/streetmarkets.fr\/app\/wp-json\/wp\/v2\/product_cat?post=1326004"},{"taxonomy":"product_tag","embeddable":true,"href":"https:\/\/streetmarkets.fr\/app\/wp-json\/wp\/v2\/product_tag?post=1326004"}],"curies":[{"name":"wp","href":"https:\/\/api.w.org\/{rel}","templated":true}]}}