{"id":1325994,"date":"2025-02-08T01:11:39","date_gmt":"2025-02-08T00:11:39","guid":{"rendered":"https:\/\/streetmarkets.fr\/app\/produit\/pull-col-rond-court-s25-femme-beige-chine\/"},"modified":"2025-10-07T01:44:45","modified_gmt":"2025-10-06T23:44:45","slug":"pull-col-rond-court-s25-femme-beige-chine","status":"publish","type":"product","link":"https:\/\/streetmarkets.fr\/app\/produit\/pull-col-rond-court-s25-femme-beige-chine\/","title":{"rendered":"Pull Col Rond Court (S25 \/ FEMME \/ Beige Chin\u00e9)"},"content":{"rendered":"<p>Enveloppez-vous de douceur dans ce pull court confectionn\u00e9 en cachemire 4 fils. Pi\u00e8ce incontournable du vestiaire FROM FUTURE, il d\u00e9voile un col rond et des manches longues. V\u00e9ritable must-have \u00e0 mixer avec tous les styles, il s&#8217;associe \u00e0 un jean casual ou se glisse sur une robe satin\u00e9e.<\/p>\n<p>&#8211; Pull court en cachemire 4 fils certifi\u00e9 GCS\u00ae Femme <br \/>&#8211; Col rond <br \/>&#8211; Bords c\u00f4tel\u00e9s <br \/>&#8211; Manches longues <br \/>&#8211; Coupe regular <br \/>&#8211; Le Good Cashmere Standard\u00ae (GCS) est une norme ind\u00e9pendante pour un cachemire plus durable et plus responsable. Il vise \u00e0 am\u00e9liorer le bien-\u00eatre des ch\u00e8vres cachemire, les conditions de travail des \u00e9leveurs ainsi qu&#8217;\u00e0 prot\u00e9ger l&#8217;environnement.<\/p>\n","protected":false},"excerpt":{"rendered":"<p>Enveloppez-vous de douceur dans ce pull court confectionn\u00e9 en cachemire 4 fils. Pi\u00e8ce incontournable du vestiaire FROM FUTURE, il d\u00e9voile un col rond et des manches longues. V\u00e9ritable must-have \u00e0 mixer avec tous les styles, il s&#8217;associe \u00e0 un jean casual ou se glisse sur une robe satin\u00e9e. &#8211; Pull court en cachemire 4 fils [&hellip;]<\/p>\n","protected":false},"featured_media":1325995,"comment_status":"open","ping_status":"closed","template":"","meta":[],"product_brand":[6868],"product_cat":[1756,1762],"product_tag":[2244],"acf":[],"_links":{"self":[{"href":"https:\/\/streetmarkets.fr\/app\/wp-json\/wp\/v2\/product\/1325994"}],"collection":[{"href":"https:\/\/streetmarkets.fr\/app\/wp-json\/wp\/v2\/product"}],"about":[{"href":"https:\/\/streetmarkets.fr\/app\/wp-json\/wp\/v2\/types\/product"}],"replies":[{"embeddable":true,"href":"https:\/\/streetmarkets.fr\/app\/wp-json\/wp\/v2\/comments?post=1325994"}],"wp:featuredmedia":[{"embeddable":true,"href":"https:\/\/streetmarkets.fr\/app\/wp-json\/wp\/v2\/media\/1325995"}],"wp:attachment":[{"href":"https:\/\/streetmarkets.fr\/app\/wp-json\/wp\/v2\/media?parent=1325994"}],"wp:term":[{"taxonomy":"product_brand","embeddable":true,"href":"https:\/\/streetmarkets.fr\/app\/wp-json\/wp\/v2\/product_brand?post=1325994"},{"taxonomy":"product_cat","embeddable":true,"href":"https:\/\/streetmarkets.fr\/app\/wp-json\/wp\/v2\/product_cat?post=1325994"},{"taxonomy":"product_tag","embeddable":true,"href":"https:\/\/streetmarkets.fr\/app\/wp-json\/wp\/v2\/product_tag?post=1325994"}],"curies":[{"name":"wp","href":"https:\/\/api.w.org\/{rel}","templated":true}]}}