{"id":1325914,"date":"2025-02-08T01:11:33","date_gmt":"2025-02-08T00:11:33","guid":{"rendered":"https:\/\/streetmarkets.fr\/app\/produit\/pull-col-v-coeurs-et-bandes-s25-femme-tropical-camel\/"},"modified":"2025-08-19T01:49:25","modified_gmt":"2025-08-18T23:49:25","slug":"pull-col-v-coeurs-et-bandes-s25-femme-tropical-camel","status":"publish","type":"product","link":"https:\/\/streetmarkets.fr\/app\/produit\/pull-col-v-coeurs-et-bandes-s25-femme-tropical-camel\/","title":{"rendered":"Pull Col V C\u0153urs et Bandes (S25 \/ FEMME \/ Tropical Camel)"},"content":{"rendered":"<p>Des c\u0153urs et bandes contrast\u00e9s illuminent ce pull en cachemire 4 fils. Vibrant et audacieux, il conf\u00e8re une silhouette structur\u00e9e avec un col V, des manches longues et des bords c\u00f4tel\u00e9s. Id\u00e9al sur une chemise, il s\u2019associe \u00e0 un pantalon de tailleur.<\/p>\n<p>&#8211; Pull en cachemire 4 fils certifi\u00e9 GCS\u00ae Femme<br \/>\n<br \/>&#8211; C\u0153urs et bandes contrast\u00e9s<br \/>\n<br \/>&#8211; Col V<br \/>\n<br \/>&#8211; Manches longues<br \/>\n<br \/>&#8211; Bords c\u00f4tel\u00e9s<br \/>\n<br \/>&#8211; Coupe regular<br \/>\n<br \/>&#8211; Le Good Cashmere Standard\u00ae (GCS) est une norme ind\u00e9pendante pour un cachemire plus durable et plus responsable. Il vise \u00e0 am\u00e9liorer le bien-\u00eatre des ch\u00e8vres cachemire, les conditions de travail des \u00e9leveurs ainsi qu&#8217;\u00e0 prot\u00e9ger l&#8217;environnement.<\/p>\n","protected":false},"excerpt":{"rendered":"<p>Des c\u0153urs et bandes contrast\u00e9s illuminent ce pull en cachemire 4 fils. Vibrant et audacieux, il conf\u00e8re une silhouette structur\u00e9e avec un col V, des manches longues et des bords c\u00f4tel\u00e9s. Id\u00e9al sur une chemise, il s\u2019associe \u00e0 un pantalon de tailleur. &#8211; Pull en cachemire 4 fils certifi\u00e9 GCS\u00ae Femme &#8211; C\u0153urs et bandes [&hellip;]<\/p>\n","protected":false},"featured_media":1325915,"comment_status":"open","ping_status":"closed","template":"","meta":[],"product_brand":[6868],"product_cat":[1756,1762],"product_tag":[2244],"acf":[],"_links":{"self":[{"href":"https:\/\/streetmarkets.fr\/app\/wp-json\/wp\/v2\/product\/1325914"}],"collection":[{"href":"https:\/\/streetmarkets.fr\/app\/wp-json\/wp\/v2\/product"}],"about":[{"href":"https:\/\/streetmarkets.fr\/app\/wp-json\/wp\/v2\/types\/product"}],"replies":[{"embeddable":true,"href":"https:\/\/streetmarkets.fr\/app\/wp-json\/wp\/v2\/comments?post=1325914"}],"wp:featuredmedia":[{"embeddable":true,"href":"https:\/\/streetmarkets.fr\/app\/wp-json\/wp\/v2\/media\/1325915"}],"wp:attachment":[{"href":"https:\/\/streetmarkets.fr\/app\/wp-json\/wp\/v2\/media?parent=1325914"}],"wp:term":[{"taxonomy":"product_brand","embeddable":true,"href":"https:\/\/streetmarkets.fr\/app\/wp-json\/wp\/v2\/product_brand?post=1325914"},{"taxonomy":"product_cat","embeddable":true,"href":"https:\/\/streetmarkets.fr\/app\/wp-json\/wp\/v2\/product_cat?post=1325914"},{"taxonomy":"product_tag","embeddable":true,"href":"https:\/\/streetmarkets.fr\/app\/wp-json\/wp\/v2\/product_tag?post=1325914"}],"curies":[{"name":"wp","href":"https:\/\/api.w.org\/{rel}","templated":true}]}}