{"id":1325838,"date":"2025-02-08T01:11:26","date_gmt":"2025-02-08T00:11:26","guid":{"rendered":"https:\/\/streetmarkets.fr\/app\/produit\/pull-gilet-s25-homme-sable\/"},"modified":"2025-08-18T01:48:44","modified_gmt":"2025-08-17T23:48:44","slug":"pull-gilet-s25-homme-sable","status":"publish","type":"product","link":"https:\/\/streetmarkets.fr\/app\/produit\/pull-gilet-s25-homme-sable\/","title":{"rendered":"Pull Gilet (S25 \/ HOMME \/ Sable)"},"content":{"rendered":"<p>Enveloppez-vous de douceur dans ce pull gilet zipp\u00e9 \u00e0 col large et oversize. Confectionn\u00e9 en cachemire 4 fils, il est muni de manches longues et de bords c\u00f4tel\u00e9s pour plus de confort.<\/p>\n<p>&#8211; Pull gilet en cachemire 4 fils certifi\u00e9 GCS\u00ae Homme<br \/>\n<br \/>&#8211; Col large oversize<br \/>\n<br \/>&#8211; Fermeture zipp\u00e9e<br \/>\n<br \/>&#8211; Manches longues<br \/>\n<br \/>&#8211; Bords c\u00f4tel\u00e9s<br \/>\n<br \/>&#8211; Coupe regular<br \/>\n<br \/>&#8211; Le Good Cashmere Standard\u00ae (GCS) est une norme ind\u00e9pendante pour un cachemire plus durable et plus responsable. Il vise \u00e0 am\u00e9liorer le bien-\u00eatre des ch\u00e8vres cachemire, les conditions de travail des \u00e9leveurs ainsi qu&#8217;\u00e0 prot\u00e9ger l&#8217;environnement.<\/p>\n","protected":false},"excerpt":{"rendered":"<p>Enveloppez-vous de douceur dans ce pull gilet zipp\u00e9 \u00e0 col large et oversize. Confectionn\u00e9 en cachemire 4 fils, il est muni de manches longues et de bords c\u00f4tel\u00e9s pour plus de confort. &#8211; Pull gilet en cachemire 4 fils certifi\u00e9 GCS\u00ae Homme &#8211; Col large oversize &#8211; Fermeture zipp\u00e9e &#8211; Manches longues &#8211; Bords c\u00f4tel\u00e9s [&hellip;]<\/p>\n","protected":false},"featured_media":1325839,"comment_status":"open","ping_status":"closed","template":"","meta":[],"product_brand":[6868],"product_cat":[1756,1758],"product_tag":[2244],"acf":[],"_links":{"self":[{"href":"https:\/\/streetmarkets.fr\/app\/wp-json\/wp\/v2\/product\/1325838"}],"collection":[{"href":"https:\/\/streetmarkets.fr\/app\/wp-json\/wp\/v2\/product"}],"about":[{"href":"https:\/\/streetmarkets.fr\/app\/wp-json\/wp\/v2\/types\/product"}],"replies":[{"embeddable":true,"href":"https:\/\/streetmarkets.fr\/app\/wp-json\/wp\/v2\/comments?post=1325838"}],"wp:featuredmedia":[{"embeddable":true,"href":"https:\/\/streetmarkets.fr\/app\/wp-json\/wp\/v2\/media\/1325839"}],"wp:attachment":[{"href":"https:\/\/streetmarkets.fr\/app\/wp-json\/wp\/v2\/media?parent=1325838"}],"wp:term":[{"taxonomy":"product_brand","embeddable":true,"href":"https:\/\/streetmarkets.fr\/app\/wp-json\/wp\/v2\/product_brand?post=1325838"},{"taxonomy":"product_cat","embeddable":true,"href":"https:\/\/streetmarkets.fr\/app\/wp-json\/wp\/v2\/product_cat?post=1325838"},{"taxonomy":"product_tag","embeddable":true,"href":"https:\/\/streetmarkets.fr\/app\/wp-json\/wp\/v2\/product_tag?post=1325838"}],"curies":[{"name":"wp","href":"https:\/\/api.w.org\/{rel}","templated":true}]}}