{"id":1325815,"date":"2025-02-08T01:11:24","date_gmt":"2025-02-08T00:11:24","guid":{"rendered":"https:\/\/streetmarkets.fr\/app\/produit\/pull-cardigan-court-fil-fantaisie-contraste-s25-femme-fantasy-pink\/"},"modified":"2025-08-16T01:48:28","modified_gmt":"2025-08-15T23:48:28","slug":"pull-cardigan-court-fil-fantaisie-contraste-s25-femme-fantasy-pink","status":"publish","type":"product","link":"https:\/\/streetmarkets.fr\/app\/produit\/pull-cardigan-court-fil-fantaisie-contraste-s25-femme-fantasy-pink\/","title":{"rendered":"Pull Cardigan Court Fil Fantaisie Contraste (S25 \/ FEMME \/ Fantasy Pink)"},"content":{"rendered":"<p>Ce pull cardigan s\u2019illumine d\u2019une maille fantaisie contrast\u00e9e, en cachemire 4 fils. Son col V, sa fermeture boutonn\u00e9e et ses manches longues en font une pi\u00e8ce versatile, \u00e0 porter seule ou en superposition.<\/p>\n<p>&#8211; Pull cardigan court en cachemire 4 fils certifi\u00e9 GCS\u00ae Femme <br \/>&#8211; Fils fantaisies contrast\u00e9s <br \/>&#8211; Col V <br \/>&#8211; Fermeture boutonn\u00e9e <br \/>&#8211; Manches longues <br \/>&#8211; Coupe regular <br \/>&#8211; Le Good Cashmere Standard\u00ae (GCS) est une norme ind\u00e9pendante pour un cachemire plus durable et plus responsable. Il vise \u00e0 am\u00e9liorer le bien-\u00eatre des ch\u00e8vres cachemire, les conditions de travail des \u00e9leveurs ainsi qu&#8217;\u00e0 prot\u00e9ger l&#8217;environnement.<\/p>\n","protected":false},"excerpt":{"rendered":"<p>Ce pull cardigan s\u2019illumine d\u2019une maille fantaisie contrast\u00e9e, en cachemire 4 fils. Son col V, sa fermeture boutonn\u00e9e et ses manches longues en font une pi\u00e8ce versatile, \u00e0 porter seule ou en superposition. &#8211; Pull cardigan court en cachemire 4 fils certifi\u00e9 GCS\u00ae Femme &#8211; Fils fantaisies contrast\u00e9s &#8211; Col V &#8211; Fermeture boutonn\u00e9e &#8211; [&hellip;]<\/p>\n","protected":false},"featured_media":1325816,"comment_status":"open","ping_status":"closed","template":"","meta":[],"product_brand":[6868],"product_cat":[1756,1762],"product_tag":[2244],"acf":[],"_links":{"self":[{"href":"https:\/\/streetmarkets.fr\/app\/wp-json\/wp\/v2\/product\/1325815"}],"collection":[{"href":"https:\/\/streetmarkets.fr\/app\/wp-json\/wp\/v2\/product"}],"about":[{"href":"https:\/\/streetmarkets.fr\/app\/wp-json\/wp\/v2\/types\/product"}],"replies":[{"embeddable":true,"href":"https:\/\/streetmarkets.fr\/app\/wp-json\/wp\/v2\/comments?post=1325815"}],"wp:featuredmedia":[{"embeddable":true,"href":"https:\/\/streetmarkets.fr\/app\/wp-json\/wp\/v2\/media\/1325816"}],"wp:attachment":[{"href":"https:\/\/streetmarkets.fr\/app\/wp-json\/wp\/v2\/media?parent=1325815"}],"wp:term":[{"taxonomy":"product_brand","embeddable":true,"href":"https:\/\/streetmarkets.fr\/app\/wp-json\/wp\/v2\/product_brand?post=1325815"},{"taxonomy":"product_cat","embeddable":true,"href":"https:\/\/streetmarkets.fr\/app\/wp-json\/wp\/v2\/product_cat?post=1325815"},{"taxonomy":"product_tag","embeddable":true,"href":"https:\/\/streetmarkets.fr\/app\/wp-json\/wp\/v2\/product_tag?post=1325815"}],"curies":[{"name":"wp","href":"https:\/\/api.w.org\/{rel}","templated":true}]}}