{"id":1325799,"date":"2025-02-08T01:11:00","date_gmt":"2025-02-08T00:11:00","guid":{"rendered":"https:\/\/streetmarkets.fr\/app\/produit\/pull-col-camionneur-crochet-s25-femme-gris-chine-fonce\/"},"modified":"2025-09-04T01:48:52","modified_gmt":"2025-09-03T23:48:52","slug":"pull-col-camionneur-crochet-s25-femme-gris-chine-fonce","status":"publish","type":"product","link":"https:\/\/streetmarkets.fr\/app\/produit\/pull-col-camionneur-crochet-s25-femme-gris-chine-fonce\/","title":{"rendered":"Pull Col Camionneur Crochet (S25 \/ FEMME \/ Gris Chin\u00e9 Fonc\u00e9)"},"content":{"rendered":"<p>Ce pull en cachemire 4 fils conjugue audace et \u00e9l\u00e9gance. Un col camionneur et des empi\u00e8cements contrast\u00e9s dessinent une allure structur\u00e9e et affirm\u00e9e. Associez-le \u00e0 un pantalon ample ou une jupe courte.<\/p>\n<p>&#8211; Pull en cachemire 4 fils certifi\u00e9 GCS\u00ae Femme<br \/>\n<br \/>&#8211; Empi\u00e8cements bicolores<br \/>\n<br \/>&#8211; Col camionneur<br \/>\n<br \/>&#8211; Manches longues<br \/>\n<br \/>&#8211; Bords c\u00f4tel\u00e9s<br \/>\n<br \/>&#8211; Coupe regular<br \/>\n<br \/>&#8211; Le Good Cashmere Standard\u00ae (GCS) est une norme ind\u00e9pendante pour un cachemire plus durable et plus responsable. Il vise \u00e0 am\u00e9liorer le bien-\u00eatre des ch\u00e8vres cachemire, les conditions de travail des \u00e9leveurs ainsi qu&#8217;\u00e0 prot\u00e9ger l&#8217;environnement.<\/p>\n","protected":false},"excerpt":{"rendered":"<p>Ce pull en cachemire 4 fils conjugue audace et \u00e9l\u00e9gance. Un col camionneur et des empi\u00e8cements contrast\u00e9s dessinent une allure structur\u00e9e et affirm\u00e9e. Associez-le \u00e0 un pantalon ample ou une jupe courte. &#8211; Pull en cachemire 4 fils certifi\u00e9 GCS\u00ae Femme &#8211; Empi\u00e8cements bicolores &#8211; Col camionneur &#8211; Manches longues &#8211; Bords c\u00f4tel\u00e9s &#8211; Coupe [&hellip;]<\/p>\n","protected":false},"featured_media":1325800,"comment_status":"open","ping_status":"closed","template":"","meta":[],"product_brand":[6868],"product_cat":[1756,1762],"product_tag":[2244],"acf":[],"_links":{"self":[{"href":"https:\/\/streetmarkets.fr\/app\/wp-json\/wp\/v2\/product\/1325799"}],"collection":[{"href":"https:\/\/streetmarkets.fr\/app\/wp-json\/wp\/v2\/product"}],"about":[{"href":"https:\/\/streetmarkets.fr\/app\/wp-json\/wp\/v2\/types\/product"}],"replies":[{"embeddable":true,"href":"https:\/\/streetmarkets.fr\/app\/wp-json\/wp\/v2\/comments?post=1325799"}],"wp:featuredmedia":[{"embeddable":true,"href":"https:\/\/streetmarkets.fr\/app\/wp-json\/wp\/v2\/media\/1325800"}],"wp:attachment":[{"href":"https:\/\/streetmarkets.fr\/app\/wp-json\/wp\/v2\/media?parent=1325799"}],"wp:term":[{"taxonomy":"product_brand","embeddable":true,"href":"https:\/\/streetmarkets.fr\/app\/wp-json\/wp\/v2\/product_brand?post=1325799"},{"taxonomy":"product_cat","embeddable":true,"href":"https:\/\/streetmarkets.fr\/app\/wp-json\/wp\/v2\/product_cat?post=1325799"},{"taxonomy":"product_tag","embeddable":true,"href":"https:\/\/streetmarkets.fr\/app\/wp-json\/wp\/v2\/product_tag?post=1325799"}],"curies":[{"name":"wp","href":"https:\/\/api.w.org\/{rel}","templated":true}]}}