{"id":1325696,"date":"2025-02-08T01:04:25","date_gmt":"2025-02-08T00:04:25","guid":{"rendered":"https:\/\/streetmarkets.fr\/app\/produit\/nouveau-laurence-bras-blouse-ramplingo-navy\/"},"modified":"2025-10-08T02:05:31","modified_gmt":"2025-10-08T00:05:31","slug":"nouveau-laurence-bras-blouse-ramplingo-navy","status":"publish","type":"product","link":"https:\/\/streetmarkets.fr\/app\/produit\/nouveau-laurence-bras-blouse-ramplingo-navy\/","title":{"rendered":"LAURENCE BRAS Blouse Ramplingo Navy -50%"},"content":{"rendered":"<p class=\"\" data-rte-preserve-empty=\"true\">Blouse en coton popeline, coupe ample et droite, encolure arrondie, manches longues et poignets resserr\u00e9s, boutons bijoux brod\u00e9s \u00e0 la main pouvant \u00eatre facilement retir\u00e9s pour l\u2019entretien du v\u00eatement. <\/p>\n<p class=\"\" data-rte-preserve-empty=\"true\">D\u00e9tail : 100% coton<\/p>\n","protected":false},"excerpt":{"rendered":"<p>Blouse en coton popeline, coupe ample et droite, encolure arrondie, manches longues et poignets resserr\u00e9s, boutons bijoux brod\u00e9s \u00e0 la main pouvant \u00eatre facilement retir\u00e9s pour l\u2019entretien du v\u00eatement. D\u00e9tail : 100% coton<\/p>\n","protected":false},"featured_media":1325697,"comment_status":"open","ping_status":"closed","template":"","meta":[],"product_brand":[],"product_cat":[1756,1762],"product_tag":[2244],"acf":[],"_links":{"self":[{"href":"https:\/\/streetmarkets.fr\/app\/wp-json\/wp\/v2\/product\/1325696"}],"collection":[{"href":"https:\/\/streetmarkets.fr\/app\/wp-json\/wp\/v2\/product"}],"about":[{"href":"https:\/\/streetmarkets.fr\/app\/wp-json\/wp\/v2\/types\/product"}],"replies":[{"embeddable":true,"href":"https:\/\/streetmarkets.fr\/app\/wp-json\/wp\/v2\/comments?post=1325696"}],"wp:featuredmedia":[{"embeddable":true,"href":"https:\/\/streetmarkets.fr\/app\/wp-json\/wp\/v2\/media\/1325697"}],"wp:attachment":[{"href":"https:\/\/streetmarkets.fr\/app\/wp-json\/wp\/v2\/media?parent=1325696"}],"wp:term":[{"taxonomy":"product_brand","embeddable":true,"href":"https:\/\/streetmarkets.fr\/app\/wp-json\/wp\/v2\/product_brand?post=1325696"},{"taxonomy":"product_cat","embeddable":true,"href":"https:\/\/streetmarkets.fr\/app\/wp-json\/wp\/v2\/product_cat?post=1325696"},{"taxonomy":"product_tag","embeddable":true,"href":"https:\/\/streetmarkets.fr\/app\/wp-json\/wp\/v2\/product_tag?post=1325696"}],"curies":[{"name":"wp","href":"https:\/\/api.w.org\/{rel}","templated":true}]}}