{"id":1325005,"date":"2025-02-08T00:21:28","date_gmt":"2025-02-07T23:21:28","guid":{"rendered":"https:\/\/streetmarkets.fr\/app\/produit\/barrette-pelote\/"},"modified":"2026-04-22T01:14:35","modified_gmt":"2026-04-21T23:14:35","slug":"barrette-pelote","status":"publish","type":"product","link":"https:\/\/streetmarkets.fr\/app\/produit\/barrette-pelote\/","title":{"rendered":"Barrette Pelote"},"content":{"rendered":"<div id=\"product-description-short-41\" class=\"rte-content\"><strong><a href=\"\/collections\/coucou-suzette\" title=\"Collection Coucou Suzette\">Collection Coucou Suzette<\/a><\/strong><\/div>\n<div class=\"rte-content\">\n<strong><\/strong>\n<\/div>\n<div class=\"rte-content\">\n  <span>Pour notre copine fan de tricot et de crochet, on a trouv\u00e9 le cadeau parfait : cette barrette en forme de pelote accompagn\u00e9e de ses aiguilles \u00e0 tricoter ! Un petit accessoire super original que l\u2019on clipse sur les petites m\u00e8ches rebelles ou que l\u2019on porte sur les cols de nos v\u00eatements comme un bijou.<\/span><br \/><strong><\/strong>\n<\/div>\n<div class=\"rte-content\">\n<span><\/span>\n<\/div>\n<div class=\"rte-content\">\n<p>Cette barrette est faite \u00e0 partir d&#8217;Acetate de Cellulose recycl\u00e9e &amp; biod\u00e9gradable (Eco-Friendly).<\/p>\n<ul>\n<li><em><span>Composition : ac\u00e9tate de cellulose<\/span><\/em><\/li>\n<li>\n<em>Chaque cr\u00e9ation est unique, la couleur peut varier l\u00e9g\u00e8rement selon le morceau d&#8217;ac\u00e9tate utilis\u00e9<\/em><em><span><\/span><\/em>\n<\/li>\n<li><em>Type d\u2019attache : barrette crocodile en m\u00e9tal<\/em><\/li>\n<li><em><span>Fabriqu\u00e9e en Chine dans une usine audit\u00e9e<\/span><\/em><\/li>\n<li><em>Conseils d\u2019utilisation : \u00e9viter le contact avec l\u2019eau<\/em><\/li>\n<\/ul>\n<\/div>\n<div class=\"rte-content\">\n<div id=\"product-description-short-123\" class=\"rte-content\">\n<p>Dimensions : environ 3,9 cm x 2 cm<\/p>\n<\/div>\n<\/div>\n","protected":false},"excerpt":{"rendered":"<p>Collection Coucou Suzette Pour notre copine fan de tricot et de crochet, on a trouv\u00e9 le cadeau parfait : cette barrette en forme de pelote accompagn\u00e9e de ses aiguilles \u00e0 tricoter ! Un petit accessoire super original que l\u2019on clipse sur les petites m\u00e8ches rebelles ou que l\u2019on porte sur les cols de nos v\u00eatements [&hellip;]<\/p>\n","protected":false},"featured_media":1325006,"comment_status":"open","ping_status":"closed","template":"","meta":[],"product_brand":[],"product_cat":[1756,1764],"product_tag":[1811],"acf":[],"_links":{"self":[{"href":"https:\/\/streetmarkets.fr\/app\/wp-json\/wp\/v2\/product\/1325005"}],"collection":[{"href":"https:\/\/streetmarkets.fr\/app\/wp-json\/wp\/v2\/product"}],"about":[{"href":"https:\/\/streetmarkets.fr\/app\/wp-json\/wp\/v2\/types\/product"}],"replies":[{"embeddable":true,"href":"https:\/\/streetmarkets.fr\/app\/wp-json\/wp\/v2\/comments?post=1325005"}],"wp:featuredmedia":[{"embeddable":true,"href":"https:\/\/streetmarkets.fr\/app\/wp-json\/wp\/v2\/media\/1325006"}],"wp:attachment":[{"href":"https:\/\/streetmarkets.fr\/app\/wp-json\/wp\/v2\/media?parent=1325005"}],"wp:term":[{"taxonomy":"product_brand","embeddable":true,"href":"https:\/\/streetmarkets.fr\/app\/wp-json\/wp\/v2\/product_brand?post=1325005"},{"taxonomy":"product_cat","embeddable":true,"href":"https:\/\/streetmarkets.fr\/app\/wp-json\/wp\/v2\/product_cat?post=1325005"},{"taxonomy":"product_tag","embeddable":true,"href":"https:\/\/streetmarkets.fr\/app\/wp-json\/wp\/v2\/product_tag?post=1325005"}],"curies":[{"name":"wp","href":"https:\/\/api.w.org\/{rel}","templated":true}]}}