{"id":1324916,"date":"2025-02-08T00:21:24","date_gmt":"2025-02-07T23:21:24","guid":{"rendered":"https:\/\/streetmarkets.fr\/app\/produit\/trousse-gaya-damasse\/"},"modified":"2026-04-13T01:14:24","modified_gmt":"2026-04-12T23:14:24","slug":"trousse-gaya-damasse","status":"publish","type":"product","link":"https:\/\/streetmarkets.fr\/app\/produit\/trousse-gaya-damasse\/","title":{"rendered":"Trousse Gaya Damass\u00e9"},"content":{"rendered":"<p data-mce-fragment=\"1\"><span style=\"text-decoration: underline\"><strong><a href=\"https:\/\/frenchtouche.com\/collections\/apaches-collections\" title=\"Apaches Collections\">Collection Apaches<\/a><\/strong><\/span><\/p>\n<p data-mce-fragment=\"1\">La version mini de la trousse Gaya en coton, un accessoire adorable et polyvalent ! Cette petite trousse est id\u00e9ale \u00e0 glisser dans votre sac avec vos essentiels beaut\u00e9, pour en faire une trousse de couture ou encore pour ranger les feutres et tr\u00e9sors des plus petits.<\/p>\n<p data-mce-fragment=\"1\">La grande trousse Gaya en coton, un accessoire ultra-pratique \u00e0 emporter partout ! Utilisez-la comme trousse de toilette lors de vos d\u00e9placements, pour transporter le maquillage, les essentiels de votre b\u00e9b\u00e9 ou encore pour que les enfants y glissent feutres et autres petits tr\u00e9sors ! Facile \u00e0 glisser dans son sac, notre grande trousse vous permettra de garder vos affaires \u00e0 port\u00e9e de main.<\/p>\n<p><span data-mce-fragment=\"1\"><em>La trousse Gaya est confectionn\u00e9e dans un tissu Khadi indien, 100% coton. C&#8217;est un tissu traditionnel tiss\u00e9 et fil\u00e9 \u00e0 la main dans le respect de l&#8217;environnement. Le Khadi est une mati\u00e8re unique de par son tissage artisanal et peut parfois pr\u00e9senter de petites imperfections qui font tout le charme et l&#8217;authenticit\u00e9 du Khadi.<\/em><\/span><\/p>\n<ul>\n<li>100% coton<\/li>\n<li>Petite : environ 19 x 12 cm<\/li>\n<li>Grande : environ 27 x 18 cm<\/li>\n<li>Matelass\u00e9e et surpiqu\u00e9e<\/li>\n<li>Poche avec fermeture \u00e9claire \u00e0 l&#8217;int\u00e9rieur<\/li>\n<li>Confectionn\u00e9e en Inde<\/li>\n<li>Lavable en machine \u00e0 30\u00b0 cycle d\u00e9licat, pas d\u2019essorage, pas de s\u00e8che-linge<\/li>\n<li>Le block-print indien consiste \u00e0 imprimer \u00e0 la main, gr\u00e2ce \u00e0 des tampons taill\u00e9s dans le bois, des motifs aux couleurs r\u00e9alis\u00e9es \u00e0 partir d&#8217;un m\u00e9lange de pigments naturels. Respectueux de l&#8217;environnement, ce tissu ne contient aucun produit chimique car les couleurs sont fix\u00e9es gr\u00e2ce \u00e0 un m\u00e9lange d&#8217;eau et de vinaigre blanc. Cette confection manuelle peut entra\u00eener certaines &#8220;irr\u00e9gularit\u00e9s&#8221; qui font tout son charme<\/li>\n<\/ul>\n","protected":false},"excerpt":{"rendered":"<p>Collection Apaches La version mini de la trousse Gaya en coton, un accessoire adorable et polyvalent ! Cette petite trousse est id\u00e9ale \u00e0 glisser dans votre sac avec vos essentiels beaut\u00e9, pour en faire une trousse de couture ou encore pour ranger les feutres et tr\u00e9sors des plus petits. La grande trousse Gaya en coton, [&hellip;]<\/p>\n","protected":false},"featured_media":1324917,"comment_status":"open","ping_status":"closed","template":"","meta":[],"product_brand":[],"product_cat":[1756,1764],"product_tag":[1813],"acf":[],"_links":{"self":[{"href":"https:\/\/streetmarkets.fr\/app\/wp-json\/wp\/v2\/product\/1324916"}],"collection":[{"href":"https:\/\/streetmarkets.fr\/app\/wp-json\/wp\/v2\/product"}],"about":[{"href":"https:\/\/streetmarkets.fr\/app\/wp-json\/wp\/v2\/types\/product"}],"replies":[{"embeddable":true,"href":"https:\/\/streetmarkets.fr\/app\/wp-json\/wp\/v2\/comments?post=1324916"}],"wp:featuredmedia":[{"embeddable":true,"href":"https:\/\/streetmarkets.fr\/app\/wp-json\/wp\/v2\/media\/1324917"}],"wp:attachment":[{"href":"https:\/\/streetmarkets.fr\/app\/wp-json\/wp\/v2\/media?parent=1324916"}],"wp:term":[{"taxonomy":"product_brand","embeddable":true,"href":"https:\/\/streetmarkets.fr\/app\/wp-json\/wp\/v2\/product_brand?post=1324916"},{"taxonomy":"product_cat","embeddable":true,"href":"https:\/\/streetmarkets.fr\/app\/wp-json\/wp\/v2\/product_cat?post=1324916"},{"taxonomy":"product_tag","embeddable":true,"href":"https:\/\/streetmarkets.fr\/app\/wp-json\/wp\/v2\/product_tag?post=1324916"}],"curies":[{"name":"wp","href":"https:\/\/api.w.org\/{rel}","templated":true}]}}