{"id":1324670,"date":"2025-02-07T07:42:21","date_gmt":"2025-02-07T06:42:21","guid":{"rendered":"https:\/\/streetmarkets.fr\/app\/produit\/bracelet-tibetain-argent-clair-selection-joee\/"},"modified":"2026-05-10T08:37:49","modified_gmt":"2026-05-10T06:37:49","slug":"bracelet-tibetain-argent-clair-selection-joee","status":"publish","type":"product","link":"https:\/\/streetmarkets.fr\/app\/produit\/bracelet-tibetain-argent-clair-selection-joee\/","title":{"rendered":"Bracelet tib\u00e9tain argent CLAIR &#8211; S\u00e9lection Jo\u00e9e"},"content":{"rendered":"<p>Le bracelet bouddhiste est un jonc traditionnel porte-bonheur dans les pays bouddhistes, le bracelet est b\u00e9ni par les bonzes \u00e0 la sortie des temples et porte bonheur \u00e0 celle qui le porte.<\/p>\n<p>Une pellicule de feuilles d&#8217;argent vient recouvrir le bracelet.\u00a0<\/p>\n<p>Composition :<strong><\/strong>Jonc souple en plastique flexible, transparent rempli de feuilles d&#8217;or. Vous pouvez vous baigner avec.<\/p>\n","protected":false},"excerpt":{"rendered":"<p>Le bracelet bouddhiste est un jonc traditionnel porte-bonheur dans les pays bouddhistes, le bracelet est b\u00e9ni par les bonzes \u00e0 la sortie des temples et porte bonheur \u00e0 celle qui le porte. Une pellicule de feuilles d&#8217;argent vient recouvrir le bracelet.\u00a0 Composition :Jonc souple en plastique flexible, transparent rempli de feuilles d&#8217;or. Vous pouvez vous [&hellip;]<\/p>\n","protected":false},"featured_media":1324671,"comment_status":"open","ping_status":"closed","template":"","meta":[],"product_brand":[],"product_cat":[1807,1756],"product_tag":[2244],"acf":[],"_links":{"self":[{"href":"https:\/\/streetmarkets.fr\/app\/wp-json\/wp\/v2\/product\/1324670"}],"collection":[{"href":"https:\/\/streetmarkets.fr\/app\/wp-json\/wp\/v2\/product"}],"about":[{"href":"https:\/\/streetmarkets.fr\/app\/wp-json\/wp\/v2\/types\/product"}],"replies":[{"embeddable":true,"href":"https:\/\/streetmarkets.fr\/app\/wp-json\/wp\/v2\/comments?post=1324670"}],"wp:featuredmedia":[{"embeddable":true,"href":"https:\/\/streetmarkets.fr\/app\/wp-json\/wp\/v2\/media\/1324671"}],"wp:attachment":[{"href":"https:\/\/streetmarkets.fr\/app\/wp-json\/wp\/v2\/media?parent=1324670"}],"wp:term":[{"taxonomy":"product_brand","embeddable":true,"href":"https:\/\/streetmarkets.fr\/app\/wp-json\/wp\/v2\/product_brand?post=1324670"},{"taxonomy":"product_cat","embeddable":true,"href":"https:\/\/streetmarkets.fr\/app\/wp-json\/wp\/v2\/product_cat?post=1324670"},{"taxonomy":"product_tag","embeddable":true,"href":"https:\/\/streetmarkets.fr\/app\/wp-json\/wp\/v2\/product_tag?post=1324670"}],"curies":[{"name":"wp","href":"https:\/\/api.w.org\/{rel}","templated":true}]}}