{"id":1298721,"date":"2025-02-04T01:13:10","date_gmt":"2025-02-04T00:13:10","guid":{"rendered":"https:\/\/streetmarkets.fr\/app\/produit\/pantalon-large-s25-femme-midnight-bouque\/"},"modified":"2025-10-07T01:44:45","modified_gmt":"2025-10-06T23:44:45","slug":"pantalon-large-s25-femme-midnight-bouque","status":"publish","type":"product","link":"https:\/\/streetmarkets.fr\/app\/produit\/pantalon-large-s25-femme-midnight-bouque\/","title":{"rendered":"Pantalon Large R\u00e9gine (S25 \/ FEMME \/ Midnight Bouque)"},"content":{"rendered":"<p>Confectionn\u00e9 en satin de soie brillant et soyeux, ce pantalon large se pare d\u2019un imprim\u00e9 fleuri. Muni d&#8217;une taille \u00e9lastiqu\u00e9e, il s\u00e9duit par une coupe impeccable et un tomb\u00e9 fluide.<\/p>\n<p>&#8211; Pantalon large en satin de soie Femme <br \/>&#8211; Imprim\u00e9 fleuri<br \/>&#8211; Taille \u00e9lastiqu\u00e9e <br \/>&#8211; Coupe regular<\/p>\n","protected":false},"excerpt":{"rendered":"<p>Confectionn\u00e9 en satin de soie brillant et soyeux, ce pantalon large se pare d\u2019un imprim\u00e9 fleuri. Muni d&#8217;une taille \u00e9lastiqu\u00e9e, il s\u00e9duit par une coupe impeccable et un tomb\u00e9 fluide. &#8211; Pantalon large en satin de soie Femme &#8211; Imprim\u00e9 fleuri&#8211; Taille \u00e9lastiqu\u00e9e &#8211; Coupe regular<\/p>\n","protected":false},"featured_media":1298722,"comment_status":"open","ping_status":"closed","template":"","meta":[],"product_brand":[6868],"product_cat":[1756,1762],"product_tag":[2244],"acf":[],"_links":{"self":[{"href":"https:\/\/streetmarkets.fr\/app\/wp-json\/wp\/v2\/product\/1298721"}],"collection":[{"href":"https:\/\/streetmarkets.fr\/app\/wp-json\/wp\/v2\/product"}],"about":[{"href":"https:\/\/streetmarkets.fr\/app\/wp-json\/wp\/v2\/types\/product"}],"replies":[{"embeddable":true,"href":"https:\/\/streetmarkets.fr\/app\/wp-json\/wp\/v2\/comments?post=1298721"}],"wp:featuredmedia":[{"embeddable":true,"href":"https:\/\/streetmarkets.fr\/app\/wp-json\/wp\/v2\/media\/1298722"}],"wp:attachment":[{"href":"https:\/\/streetmarkets.fr\/app\/wp-json\/wp\/v2\/media?parent=1298721"}],"wp:term":[{"taxonomy":"product_brand","embeddable":true,"href":"https:\/\/streetmarkets.fr\/app\/wp-json\/wp\/v2\/product_brand?post=1298721"},{"taxonomy":"product_cat","embeddable":true,"href":"https:\/\/streetmarkets.fr\/app\/wp-json\/wp\/v2\/product_cat?post=1298721"},{"taxonomy":"product_tag","embeddable":true,"href":"https:\/\/streetmarkets.fr\/app\/wp-json\/wp\/v2\/product_tag?post=1298721"}],"curies":[{"name":"wp","href":"https:\/\/api.w.org\/{rel}","templated":true}]}}