{"id":1298696,"date":"2025-02-04T01:13:07","date_gmt":"2025-02-04T00:13:07","guid":{"rendered":"https:\/\/streetmarkets.fr\/app\/produit\/jupe-mi-longue-s25-femme-midnight-purple\/"},"modified":"2025-09-28T02:20:05","modified_gmt":"2025-09-28T00:20:05","slug":"jupe-mi-longue-s25-femme-midnight-purple","status":"publish","type":"product","link":"https:\/\/streetmarkets.fr\/app\/produit\/jupe-mi-longue-s25-femme-midnight-purple\/","title":{"rendered":"Jupe Mi Longue Gina (S25 \/ FEMME \/ Midnight Purple)"},"content":{"rendered":"<p>La jupe Gina mi-longue en satin de soie brillant et soyeux s&#8217;adopte de jour comme de nuit, avec un caraco l\u00e9ger comme une maille moelleuse. Incarnant l&#8217;\u00e9l\u00e9gance intemporelle, elle d\u00e9voile une taille \u00e9lastiqu\u00e9e et un drap\u00e9 fluide \u00e9vas\u00e9. <\/p>\n<p>&#8211; Jupe mi-longue en satin de soie Femme <br \/>&#8211; Taille \u00e9lastique <br \/>&#8211; Coupe regular<\/p>\n","protected":false},"excerpt":{"rendered":"<p>La jupe Gina mi-longue en satin de soie brillant et soyeux s&#8217;adopte de jour comme de nuit, avec un caraco l\u00e9ger comme une maille moelleuse. Incarnant l&#8217;\u00e9l\u00e9gance intemporelle, elle d\u00e9voile une taille \u00e9lastiqu\u00e9e et un drap\u00e9 fluide \u00e9vas\u00e9. &#8211; Jupe mi-longue en satin de soie Femme &#8211; Taille \u00e9lastique &#8211; Coupe regular<\/p>\n","protected":false},"featured_media":1298697,"comment_status":"open","ping_status":"closed","template":"","meta":[],"product_brand":[6868],"product_cat":[1756,1762],"product_tag":[2244],"acf":[],"_links":{"self":[{"href":"https:\/\/streetmarkets.fr\/app\/wp-json\/wp\/v2\/product\/1298696"}],"collection":[{"href":"https:\/\/streetmarkets.fr\/app\/wp-json\/wp\/v2\/product"}],"about":[{"href":"https:\/\/streetmarkets.fr\/app\/wp-json\/wp\/v2\/types\/product"}],"replies":[{"embeddable":true,"href":"https:\/\/streetmarkets.fr\/app\/wp-json\/wp\/v2\/comments?post=1298696"}],"wp:featuredmedia":[{"embeddable":true,"href":"https:\/\/streetmarkets.fr\/app\/wp-json\/wp\/v2\/media\/1298697"}],"wp:attachment":[{"href":"https:\/\/streetmarkets.fr\/app\/wp-json\/wp\/v2\/media?parent=1298696"}],"wp:term":[{"taxonomy":"product_brand","embeddable":true,"href":"https:\/\/streetmarkets.fr\/app\/wp-json\/wp\/v2\/product_brand?post=1298696"},{"taxonomy":"product_cat","embeddable":true,"href":"https:\/\/streetmarkets.fr\/app\/wp-json\/wp\/v2\/product_cat?post=1298696"},{"taxonomy":"product_tag","embeddable":true,"href":"https:\/\/streetmarkets.fr\/app\/wp-json\/wp\/v2\/product_tag?post=1298696"}],"curies":[{"name":"wp","href":"https:\/\/api.w.org\/{rel}","templated":true}]}}