{"id":1298685,"date":"2025-02-04T01:13:06","date_gmt":"2025-02-04T00:13:06","guid":{"rendered":"https:\/\/streetmarkets.fr\/app\/produit\/robe-longue-bretelles-s25-femme-feiry-red\/"},"modified":"2025-08-24T01:51:59","modified_gmt":"2025-08-23T23:51:59","slug":"robe-longue-bretelles-s25-femme-feiry-red","status":"publish","type":"product","link":"https:\/\/streetmarkets.fr\/app\/produit\/robe-longue-bretelles-s25-femme-feiry-red\/","title":{"rendered":"Robe Longue Bretelles Taylor (S25 \/ FEMME \/ Feiry Red)"},"content":{"rendered":"<p>Allure chic et l\u00e9g\u00e8re pour cette robe longue, orn\u00e9e de bretelles et de liens \u00e0 nouer. Son d\u00e9collet\u00e9 profond en V contraste avec la jupe fluide et vaporeuse. Associez-la \u00e0 des escarpins pour une touche de sophistication.<\/p>\n<p>&#8211; Robe longue Femme<br \/>\n<br \/>&#8211; Bretelles et liens \u00e0 nouer<br \/>\n<br \/>&#8211; D\u00e9collet\u00e9 en V<br \/>\n<br \/>&#8211; Jupe \u00e9vas\u00e9e<br \/>\n<br \/>&#8211; Coupe slim<\/p>\n","protected":false},"excerpt":{"rendered":"<p>Allure chic et l\u00e9g\u00e8re pour cette robe longue, orn\u00e9e de bretelles et de liens \u00e0 nouer. Son d\u00e9collet\u00e9 profond en V contraste avec la jupe fluide et vaporeuse. Associez-la \u00e0 des escarpins pour une touche de sophistication. &#8211; Robe longue Femme &#8211; Bretelles et liens \u00e0 nouer &#8211; D\u00e9collet\u00e9 en V &#8211; Jupe \u00e9vas\u00e9e &#8211; [&hellip;]<\/p>\n","protected":false},"featured_media":1298686,"comment_status":"open","ping_status":"closed","template":"","meta":[],"product_brand":[6868],"product_cat":[1756,1762],"product_tag":[2244],"acf":[],"_links":{"self":[{"href":"https:\/\/streetmarkets.fr\/app\/wp-json\/wp\/v2\/product\/1298685"}],"collection":[{"href":"https:\/\/streetmarkets.fr\/app\/wp-json\/wp\/v2\/product"}],"about":[{"href":"https:\/\/streetmarkets.fr\/app\/wp-json\/wp\/v2\/types\/product"}],"replies":[{"embeddable":true,"href":"https:\/\/streetmarkets.fr\/app\/wp-json\/wp\/v2\/comments?post=1298685"}],"wp:featuredmedia":[{"embeddable":true,"href":"https:\/\/streetmarkets.fr\/app\/wp-json\/wp\/v2\/media\/1298686"}],"wp:attachment":[{"href":"https:\/\/streetmarkets.fr\/app\/wp-json\/wp\/v2\/media?parent=1298685"}],"wp:term":[{"taxonomy":"product_brand","embeddable":true,"href":"https:\/\/streetmarkets.fr\/app\/wp-json\/wp\/v2\/product_brand?post=1298685"},{"taxonomy":"product_cat","embeddable":true,"href":"https:\/\/streetmarkets.fr\/app\/wp-json\/wp\/v2\/product_cat?post=1298685"},{"taxonomy":"product_tag","embeddable":true,"href":"https:\/\/streetmarkets.fr\/app\/wp-json\/wp\/v2\/product_tag?post=1298685"}],"curies":[{"name":"wp","href":"https:\/\/api.w.org\/{rel}","templated":true}]}}