{"id":1298662,"date":"2025-02-04T01:13:04","date_gmt":"2025-02-04T00:13:04","guid":{"rendered":"https:\/\/streetmarkets.fr\/app\/produit\/pantalon-large-s25-femme-leopard\/"},"modified":"2026-05-06T01:52:28","modified_gmt":"2026-05-05T23:52:28","slug":"pantalon-large-s25-femme-leopard","status":"publish","type":"product","link":"https:\/\/streetmarkets.fr\/app\/produit\/pantalon-large-s25-femme-leopard\/","title":{"rendered":"Pantalon Large Leopard (S26 \/ FEMME \/ Leopard)"},"content":{"rendered":"<p>Confectionn\u00e9 en satin de soie brillant et soyeux, ce pantalon large se pare d\u2019un imprim\u00e9 l\u00e9opard. Muni d&#8217;une taille \u00e9lastiqu\u00e9e, il s\u00e9duit par une coupe impeccable et un tomb\u00e9 fluide.<\/p>\n<p>&#8211; Pantalon large en satin de soie Femme <br \/>&#8211; Imprim\u00e9 l\u00e9opard<br \/>&#8211; Taille \u00e9lastiqu\u00e9e <br \/>&#8211; Coupe regular<\/p>\n","protected":false},"excerpt":{"rendered":"<p>Confectionn\u00e9 en satin de soie brillant et soyeux, ce pantalon large se pare d\u2019un imprim\u00e9 l\u00e9opard. Muni d&#8217;une taille \u00e9lastiqu\u00e9e, il s\u00e9duit par une coupe impeccable et un tomb\u00e9 fluide. &#8211; Pantalon large en satin de soie Femme &#8211; Imprim\u00e9 l\u00e9opard&#8211; Taille \u00e9lastiqu\u00e9e &#8211; Coupe regular<\/p>\n","protected":false},"featured_media":1298663,"comment_status":"open","ping_status":"closed","template":"","meta":[],"product_brand":[6868],"product_cat":[1756,1762],"product_tag":[2244],"acf":[],"_links":{"self":[{"href":"https:\/\/streetmarkets.fr\/app\/wp-json\/wp\/v2\/product\/1298662"}],"collection":[{"href":"https:\/\/streetmarkets.fr\/app\/wp-json\/wp\/v2\/product"}],"about":[{"href":"https:\/\/streetmarkets.fr\/app\/wp-json\/wp\/v2\/types\/product"}],"replies":[{"embeddable":true,"href":"https:\/\/streetmarkets.fr\/app\/wp-json\/wp\/v2\/comments?post=1298662"}],"wp:featuredmedia":[{"embeddable":true,"href":"https:\/\/streetmarkets.fr\/app\/wp-json\/wp\/v2\/media\/1298663"}],"wp:attachment":[{"href":"https:\/\/streetmarkets.fr\/app\/wp-json\/wp\/v2\/media?parent=1298662"}],"wp:term":[{"taxonomy":"product_brand","embeddable":true,"href":"https:\/\/streetmarkets.fr\/app\/wp-json\/wp\/v2\/product_brand?post=1298662"},{"taxonomy":"product_cat","embeddable":true,"href":"https:\/\/streetmarkets.fr\/app\/wp-json\/wp\/v2\/product_cat?post=1298662"},{"taxonomy":"product_tag","embeddable":true,"href":"https:\/\/streetmarkets.fr\/app\/wp-json\/wp\/v2\/product_tag?post=1298662"}],"curies":[{"name":"wp","href":"https:\/\/api.w.org\/{rel}","templated":true}]}}