{"id":1297358,"date":"2025-02-04T00:39:20","date_gmt":"2025-02-03T23:39:20","guid":{"rendered":"https:\/\/streetmarkets.fr\/app\/produit\/t-shirt-rayures-bleues\/"},"modified":"2026-05-08T01:39:29","modified_gmt":"2026-05-07T23:39:29","slug":"t-shirt-rayures-bleues","status":"publish","type":"product","link":"https:\/\/streetmarkets.fr\/app\/produit\/t-shirt-rayures-bleues\/","title":{"rendered":"T-SHIRT RAYURES BLEUES"},"content":{"rendered":"<p>T-SHIRT \u00c0 RAYURES BLEUES AVEC LOGO EN SEQUINS. ARMANI LIGNE EMPORIO ARMANI.<\/p>\n<p>COMPOSITION<strong> :\u00a0<\/strong>100% POLYESTER<\/p>\n<p>TAILLE \u00c9TIQUETTE : 40 IT \/ 36 FR<\/p>\n<p>(VOIR LES MESURES \u00c0 PLAT)<\/p>\n<p>VOUS POUVEZ VENIR ESSAYER CETTE PI\u00c8CE DANS NOTRE BOUTIQUE SITU\u00c9E \u00c0 PARIS.\u00a0<\/p>\n<p>MESURES \u00c0 PLAT : CARRURE 37CM POITRINE 41CM LONGUEUR 58CM<\/p>\n<p>CONDITIONS :\u00a0PARFAIT \u00c9TAT<\/p>\n<p>N&#8217;OUBLIEZ PAS QU&#8217;IL S&#8217;AGIT D&#8217;UNE PI\u00c8CE VINTAGE RARE QUI A SOIGNEUSEMENT \u00c9T\u00c9 S\u00c9LECTIONN\u00c9E. LE TEMPS PEUT PARFOIS LAISSER DES PETITS D\u00c9FAUTS, CE QUI REND LA PI\u00c8CE ENCORE PLUS UNIQUE. MERCI DE L&#8217;AIMER TEL QU&#8217;ELLE EST &lt;3<\/p>\n","protected":false},"excerpt":{"rendered":"<p>T-SHIRT \u00c0 RAYURES BLEUES AVEC LOGO EN SEQUINS. ARMANI LIGNE EMPORIO ARMANI. COMPOSITION :\u00a0100% POLYESTER TAILLE \u00c9TIQUETTE : 40 IT \/ 36 FR (VOIR LES MESURES \u00c0 PLAT) VOUS POUVEZ VENIR ESSAYER CETTE PI\u00c8CE DANS NOTRE BOUTIQUE SITU\u00c9E \u00c0 PARIS.\u00a0 MESURES \u00c0 PLAT : CARRURE 37CM POITRINE 41CM LONGUEUR 58CM CONDITIONS :\u00a0PARFAIT \u00c9TAT N&#8217;OUBLIEZ PAS [&hellip;]<\/p>\n","protected":false},"featured_media":1297359,"comment_status":"open","ping_status":"closed","template":"","meta":[],"product_brand":[],"product_cat":[1756,1758],"product_tag":[2122],"acf":[],"_links":{"self":[{"href":"https:\/\/streetmarkets.fr\/app\/wp-json\/wp\/v2\/product\/1297358"}],"collection":[{"href":"https:\/\/streetmarkets.fr\/app\/wp-json\/wp\/v2\/product"}],"about":[{"href":"https:\/\/streetmarkets.fr\/app\/wp-json\/wp\/v2\/types\/product"}],"replies":[{"embeddable":true,"href":"https:\/\/streetmarkets.fr\/app\/wp-json\/wp\/v2\/comments?post=1297358"}],"wp:featuredmedia":[{"embeddable":true,"href":"https:\/\/streetmarkets.fr\/app\/wp-json\/wp\/v2\/media\/1297359"}],"wp:attachment":[{"href":"https:\/\/streetmarkets.fr\/app\/wp-json\/wp\/v2\/media?parent=1297358"}],"wp:term":[{"taxonomy":"product_brand","embeddable":true,"href":"https:\/\/streetmarkets.fr\/app\/wp-json\/wp\/v2\/product_brand?post=1297358"},{"taxonomy":"product_cat","embeddable":true,"href":"https:\/\/streetmarkets.fr\/app\/wp-json\/wp\/v2\/product_cat?post=1297358"},{"taxonomy":"product_tag","embeddable":true,"href":"https:\/\/streetmarkets.fr\/app\/wp-json\/wp\/v2\/product_tag?post=1297358"}],"curies":[{"name":"wp","href":"https:\/\/api.w.org\/{rel}","templated":true}]}}