{"id":1296572,"date":"2025-02-03T05:48:44","date_gmt":"2025-02-03T04:48:44","guid":{"rendered":"https:\/\/streetmarkets.fr\/app\/produit\/isle-floral-trunk\/"},"modified":"2026-03-16T05:45:18","modified_gmt":"2026-03-16T04:45:18","slug":"isle-floral-trunk","status":"publish","type":"product","link":"https:\/\/streetmarkets.fr\/app\/produit\/isle-floral-trunk\/","title":{"rendered":"Isle Floral Trunk"},"content":{"rendered":"<p><!--td {border: 1px solid #cccccc;}br {mso-data-placement:same-cell;}--><\/p>\n<p><span data-sheets-userformat='{\"2\":897,\"3\":{\"1\":0},\"10\":1,\"11\":4,\"12\":0}' data-sheets-value=\"{&quot;1&quot;:2,&quot;2&quot;:&quot;D\u00e9couvrez le Short de Bain Isle Floral Trunk de Rythm : \u00c9l\u00e9gance et Conscience \u00c9cologique\\n\\nLe short de bain Isle Floral Trunk de Rythm offre le mariage parfait entre style, confort et durabilit\u00e9 pour vos aventures estivales. Fabriqu\u00e9 \u00e0 partir d'un tissu extensible recycl\u00e9, il r\u00e9duit l'empreinte \u00e9cologique de l'industrie de la mode. En choisissant ce short, vous optez pour un avenir plus vert sans compromis sur la qualit\u00e9. Son tissu en nylon l\u00e9ger s\u00e8che rapidement pour une performance optimale dans l'eau, tandis que sa conception robuste assure une r\u00e9sistance \u00e0 long terme. \\n\\nDisponible en Dark Navy avec des motifs paisleys, ce short arbore un design vintage inspir\u00e9 de la Californie, \u00e9voquant l'esprit ensoleill\u00e9 de la c\u00f4te ouest. Plongez dans le style et l'aventure avec le Short de Bain Isle Floral Trunk de Rythm.&quot;}\" data-sheets-root=\"1\">Le <strong>short de bain Isle Floral Trunk<\/strong> de <strong>Rythm<\/strong> offre le mariage parfait entre style, <strong>confort<\/strong> et durabilit\u00e9 pour vos aventures estivales.\u00a0<\/span><\/p>\n<p><span data-sheets-userformat='{\"2\":897,\"3\":{\"1\":0},\"10\":1,\"11\":4,\"12\":0}' data-sheets-value=\"{&quot;1&quot;:2,&quot;2&quot;:&quot;D\u00e9couvrez le Short de Bain Isle Floral Trunk de Rythm : \u00c9l\u00e9gance et Conscience \u00c9cologique\\n\\nLe short de bain Isle Floral Trunk de Rythm offre le mariage parfait entre style, confort et durabilit\u00e9 pour vos aventures estivales. Fabriqu\u00e9 \u00e0 partir d'un tissu extensible recycl\u00e9, il r\u00e9duit l'empreinte \u00e9cologique de l'industrie de la mode. En choisissant ce short, vous optez pour un avenir plus vert sans compromis sur la qualit\u00e9. Son tissu en nylon l\u00e9ger s\u00e8che rapidement pour une performance optimale dans l'eau, tandis que sa conception robuste assure une r\u00e9sistance \u00e0 long terme. \\n\\nDisponible en Dark Navy avec des motifs paisleys, ce short arbore un design vintage inspir\u00e9 de la Californie, \u00e9voquant l'esprit ensoleill\u00e9 de la c\u00f4te ouest. Plongez dans le style et l'aventure avec le Short de Bain Isle Floral Trunk de Rythm.&quot;}\" data-sheets-root=\"1\">Son\u00a0<strong>tissu en nylon l\u00e9ger<\/strong> s\u00e8che rapidement pour une performance optimale dans l&#8217;eau, tandis que sa conception robuste assure une <strong>r\u00e9sistance<\/strong> \u00e0 long terme.\u00a0<\/p>\n<p>Disponible en Dark Navy avec des motifs paisleys, ce short arbore un <strong>design vintage<\/strong> inspir\u00e9 de la Californie, \u00e9voquant l&#8217;esprit ensoleill\u00e9 de la c\u00f4te ouest. Plongez dans le style et l&#8217;aventure avec le Short de Bain Isle Floral Trunk de Rythm.<\/span><\/p>\n","protected":false},"excerpt":{"rendered":"<p>Le short de bain Isle Floral Trunk de Rythm offre le mariage parfait entre style, confort et durabilit\u00e9 pour vos aventures estivales.\u00a0 Son\u00a0tissu en nylon l\u00e9ger s\u00e8che rapidement pour une performance optimale dans l&#8217;eau, tandis que sa conception robuste assure une r\u00e9sistance \u00e0 long terme.\u00a0 Disponible en Dark Navy avec des motifs paisleys, ce short [&hellip;]<\/p>\n","protected":false},"featured_media":1296573,"comment_status":"open","ping_status":"closed","template":"","meta":[],"product_brand":[],"product_cat":[1756,1758],"product_tag":[2244],"acf":[],"_links":{"self":[{"href":"https:\/\/streetmarkets.fr\/app\/wp-json\/wp\/v2\/product\/1296572"}],"collection":[{"href":"https:\/\/streetmarkets.fr\/app\/wp-json\/wp\/v2\/product"}],"about":[{"href":"https:\/\/streetmarkets.fr\/app\/wp-json\/wp\/v2\/types\/product"}],"replies":[{"embeddable":true,"href":"https:\/\/streetmarkets.fr\/app\/wp-json\/wp\/v2\/comments?post=1296572"}],"wp:featuredmedia":[{"embeddable":true,"href":"https:\/\/streetmarkets.fr\/app\/wp-json\/wp\/v2\/media\/1296573"}],"wp:attachment":[{"href":"https:\/\/streetmarkets.fr\/app\/wp-json\/wp\/v2\/media?parent=1296572"}],"wp:term":[{"taxonomy":"product_brand","embeddable":true,"href":"https:\/\/streetmarkets.fr\/app\/wp-json\/wp\/v2\/product_brand?post=1296572"},{"taxonomy":"product_cat","embeddable":true,"href":"https:\/\/streetmarkets.fr\/app\/wp-json\/wp\/v2\/product_cat?post=1296572"},{"taxonomy":"product_tag","embeddable":true,"href":"https:\/\/streetmarkets.fr\/app\/wp-json\/wp\/v2\/product_tag?post=1296572"}],"curies":[{"name":"wp","href":"https:\/\/api.w.org\/{rel}","templated":true}]}}