{"id":1277197,"date":"2025-02-01T01:08:52","date_gmt":"2025-02-01T00:08:52","guid":{"rendered":"https:\/\/streetmarkets.fr\/app\/produit\/nouveau-mother-jean-the-twister-skimp-horseback-to-quarterback\/"},"modified":"2025-09-17T02:00:50","modified_gmt":"2025-09-17T00:00:50","slug":"nouveau-mother-jean-the-twister-skimp-horseback-to-quarterback","status":"publish","type":"product","link":"https:\/\/streetmarkets.fr\/app\/produit\/nouveau-mother-jean-the-twister-skimp-horseback-to-quarterback\/","title":{"rendered":"Nouveau ! MOTHER Jean The Twister Skimp Horseback To Quarterback -50%"},"content":{"rendered":"<p data-rte-preserve-empty=\"true\">Le jean The Twister Skimp dans le wash Horseback To Quarterback, taille semi haute, jambe longue, flare et souple, coupe l\u00e9g\u00e8rement stretch et hyper confort.<\/p>\n<p data-rte-preserve-empty=\"true\">D\u00e9tail : 79% coton, 20% coton recycl\u00e9, 1% \u00e9lasthanne<\/p>\n<p data-rte-preserve-empty=\"true\">Fabriqu\u00e9 \u00e0 Los Angeles<\/p>\n","protected":false},"excerpt":{"rendered":"<p>Le jean The Twister Skimp dans le wash Horseback To Quarterback, taille semi haute, jambe longue, flare et souple, coupe l\u00e9g\u00e8rement stretch et hyper confort. D\u00e9tail : 79% coton, 20% coton recycl\u00e9, 1% \u00e9lasthanne Fabriqu\u00e9 \u00e0 Los Angeles<\/p>\n","protected":false},"featured_media":1277198,"comment_status":"open","ping_status":"closed","template":"","meta":[],"product_brand":[],"product_cat":[1756,1762],"product_tag":[2244],"acf":[],"_links":{"self":[{"href":"https:\/\/streetmarkets.fr\/app\/wp-json\/wp\/v2\/product\/1277197"}],"collection":[{"href":"https:\/\/streetmarkets.fr\/app\/wp-json\/wp\/v2\/product"}],"about":[{"href":"https:\/\/streetmarkets.fr\/app\/wp-json\/wp\/v2\/types\/product"}],"replies":[{"embeddable":true,"href":"https:\/\/streetmarkets.fr\/app\/wp-json\/wp\/v2\/comments?post=1277197"}],"wp:featuredmedia":[{"embeddable":true,"href":"https:\/\/streetmarkets.fr\/app\/wp-json\/wp\/v2\/media\/1277198"}],"wp:attachment":[{"href":"https:\/\/streetmarkets.fr\/app\/wp-json\/wp\/v2\/media?parent=1277197"}],"wp:term":[{"taxonomy":"product_brand","embeddable":true,"href":"https:\/\/streetmarkets.fr\/app\/wp-json\/wp\/v2\/product_brand?post=1277197"},{"taxonomy":"product_cat","embeddable":true,"href":"https:\/\/streetmarkets.fr\/app\/wp-json\/wp\/v2\/product_cat?post=1277197"},{"taxonomy":"product_tag","embeddable":true,"href":"https:\/\/streetmarkets.fr\/app\/wp-json\/wp\/v2\/product_tag?post=1277197"}],"curies":[{"name":"wp","href":"https:\/\/api.w.org\/{rel}","templated":true}]}}