{"id":1277186,"date":"2025-02-01T01:08:49","date_gmt":"2025-02-01T00:08:49","guid":{"rendered":"https:\/\/streetmarkets.fr\/app\/produit\/nouveau-mother-jean-the-dodger-sneak-tomorrow-never-knows\/"},"modified":"2026-02-16T01:02:36","modified_gmt":"2026-02-16T00:02:36","slug":"nouveau-mother-jean-the-dodger-sneak-tomorrow-never-knows","status":"publish","type":"product","link":"https:\/\/streetmarkets.fr\/app\/produit\/nouveau-mother-jean-the-dodger-sneak-tomorrow-never-knows\/","title":{"rendered":"MOTHER Jean The Dodger Sneak Tomorrow Never Knows -30%"},"content":{"rendered":"<p data-rte-preserve-empty=\"true\">Le jean The Dodger Sneak dans le wash Tomorrow Never Knows, taille haute, jambe longue, flare et souple, coupe loose et confort. Coton sup\u00e9rieur Mother Pr\u00e9mium.<\/p>\n<p data-rte-preserve-empty=\"true\">D\u00e9tail : 80% coton, 20% coton recycl\u00e9.<\/p>\n<p data-rte-preserve-empty=\"true\">Fabriqu\u00e9 \u00e0 Los Angeles<\/p>\n","protected":false},"excerpt":{"rendered":"<p>Le jean The Dodger Sneak dans le wash Tomorrow Never Knows, taille haute, jambe longue, flare et souple, coupe loose et confort. Coton sup\u00e9rieur Mother Pr\u00e9mium. D\u00e9tail : 80% coton, 20% coton recycl\u00e9. Fabriqu\u00e9 \u00e0 Los Angeles<\/p>\n","protected":false},"featured_media":1277187,"comment_status":"open","ping_status":"closed","template":"","meta":[],"product_brand":[],"product_cat":[1756,1762],"product_tag":[2244],"acf":[],"_links":{"self":[{"href":"https:\/\/streetmarkets.fr\/app\/wp-json\/wp\/v2\/product\/1277186"}],"collection":[{"href":"https:\/\/streetmarkets.fr\/app\/wp-json\/wp\/v2\/product"}],"about":[{"href":"https:\/\/streetmarkets.fr\/app\/wp-json\/wp\/v2\/types\/product"}],"replies":[{"embeddable":true,"href":"https:\/\/streetmarkets.fr\/app\/wp-json\/wp\/v2\/comments?post=1277186"}],"wp:featuredmedia":[{"embeddable":true,"href":"https:\/\/streetmarkets.fr\/app\/wp-json\/wp\/v2\/media\/1277187"}],"wp:attachment":[{"href":"https:\/\/streetmarkets.fr\/app\/wp-json\/wp\/v2\/media?parent=1277186"}],"wp:term":[{"taxonomy":"product_brand","embeddable":true,"href":"https:\/\/streetmarkets.fr\/app\/wp-json\/wp\/v2\/product_brand?post=1277186"},{"taxonomy":"product_cat","embeddable":true,"href":"https:\/\/streetmarkets.fr\/app\/wp-json\/wp\/v2\/product_cat?post=1277186"},{"taxonomy":"product_tag","embeddable":true,"href":"https:\/\/streetmarkets.fr\/app\/wp-json\/wp\/v2\/product_tag?post=1277186"}],"curies":[{"name":"wp","href":"https:\/\/api.w.org\/{rel}","templated":true}]}}