{"id":1277144,"date":"2025-02-01T01:07:07","date_gmt":"2025-02-01T00:07:07","guid":{"rendered":"https:\/\/streetmarkets.fr\/app\/produit\/nouveau-vanessa-bruno-pantalon-cliff-caramel\/"},"modified":"2025-09-17T02:07:12","modified_gmt":"2025-09-17T00:07:12","slug":"nouveau-vanessa-bruno-pantalon-cliff-caramel","status":"publish","type":"product","link":"https:\/\/streetmarkets.fr\/app\/produit\/nouveau-vanessa-bruno-pantalon-cliff-caramel\/","title":{"rendered":"VANESSA BRUNO Pantalon Cliff Caramel -30%"},"content":{"rendered":"<p data-rte-preserve-empty=\"true\">Pantalon fluide \u00e0 motif floral, coupe ample, \u00e9lastique \u00e0 la taille, deux poches lat\u00e9rales, confortable et \u00e9l\u00e9gant.<\/p>\n<p data-rte-preserve-empty=\"true\">Peut \u00eatre coordonn\u00e9 avec la blouse Clio du m\u00eame th\u00e8me.<\/p>\n<p data-rte-preserve-empty=\"true\">D\u00e9tail : 100% viscose<\/p>\n","protected":false},"excerpt":{"rendered":"<p>Pantalon fluide \u00e0 motif floral, coupe ample, \u00e9lastique \u00e0 la taille, deux poches lat\u00e9rales, confortable et \u00e9l\u00e9gant. Peut \u00eatre coordonn\u00e9 avec la blouse Clio du m\u00eame th\u00e8me. D\u00e9tail : 100% viscose<\/p>\n","protected":false},"featured_media":1277145,"comment_status":"open","ping_status":"closed","template":"","meta":[],"product_brand":[],"product_cat":[1756,1762],"product_tag":[2244],"acf":[],"_links":{"self":[{"href":"https:\/\/streetmarkets.fr\/app\/wp-json\/wp\/v2\/product\/1277144"}],"collection":[{"href":"https:\/\/streetmarkets.fr\/app\/wp-json\/wp\/v2\/product"}],"about":[{"href":"https:\/\/streetmarkets.fr\/app\/wp-json\/wp\/v2\/types\/product"}],"replies":[{"embeddable":true,"href":"https:\/\/streetmarkets.fr\/app\/wp-json\/wp\/v2\/comments?post=1277144"}],"wp:featuredmedia":[{"embeddable":true,"href":"https:\/\/streetmarkets.fr\/app\/wp-json\/wp\/v2\/media\/1277145"}],"wp:attachment":[{"href":"https:\/\/streetmarkets.fr\/app\/wp-json\/wp\/v2\/media?parent=1277144"}],"wp:term":[{"taxonomy":"product_brand","embeddable":true,"href":"https:\/\/streetmarkets.fr\/app\/wp-json\/wp\/v2\/product_brand?post=1277144"},{"taxonomy":"product_cat","embeddable":true,"href":"https:\/\/streetmarkets.fr\/app\/wp-json\/wp\/v2\/product_cat?post=1277144"},{"taxonomy":"product_tag","embeddable":true,"href":"https:\/\/streetmarkets.fr\/app\/wp-json\/wp\/v2\/product_tag?post=1277144"}],"curies":[{"name":"wp","href":"https:\/\/api.w.org\/{rel}","templated":true}]}}