{"id":1277138,"date":"2025-02-01T01:07:06","date_gmt":"2025-02-01T00:07:06","guid":{"rendered":"https:\/\/streetmarkets.fr\/app\/produit\/nouveau-vanessa-bruno-blouse-clio-caramel\/"},"modified":"2025-09-17T02:07:12","modified_gmt":"2025-09-17T00:07:12","slug":"nouveau-vanessa-bruno-blouse-clio-caramel","status":"publish","type":"product","link":"https:\/\/streetmarkets.fr\/app\/produit\/nouveau-vanessa-bruno-blouse-clio-caramel\/","title":{"rendered":"VANESSA BRUNO Blouse Clio Caramel"},"content":{"rendered":"<p data-rte-preserve-empty=\"true\">Blouse fluide \u00e0 motif floral, coupe ample, sans manche, encolure arrondie boutonn\u00e9e, pliss\u00e9 sur la ligne d\u2019\u00e9paule, douce et \u00e9l\u00e9gante. Le mod\u00e8le taille grand.<\/p>\n<p data-rte-preserve-empty=\"true\">Peut \u00eatre coordonn\u00e9e avec le pantalon Cliff du m\u00eame th\u00e8me.<\/p>\n<p data-rte-preserve-empty=\"true\">D\u00e9tail : 100% viscose<\/p>\n","protected":false},"excerpt":{"rendered":"<p>Blouse fluide \u00e0 motif floral, coupe ample, sans manche, encolure arrondie boutonn\u00e9e, pliss\u00e9 sur la ligne d\u2019\u00e9paule, douce et \u00e9l\u00e9gante. Le mod\u00e8le taille grand. Peut \u00eatre coordonn\u00e9e avec le pantalon Cliff du m\u00eame th\u00e8me. D\u00e9tail : 100% viscose<\/p>\n","protected":false},"featured_media":1277139,"comment_status":"open","ping_status":"closed","template":"","meta":[],"product_brand":[],"product_cat":[1756,1762],"product_tag":[2244],"acf":[],"_links":{"self":[{"href":"https:\/\/streetmarkets.fr\/app\/wp-json\/wp\/v2\/product\/1277138"}],"collection":[{"href":"https:\/\/streetmarkets.fr\/app\/wp-json\/wp\/v2\/product"}],"about":[{"href":"https:\/\/streetmarkets.fr\/app\/wp-json\/wp\/v2\/types\/product"}],"replies":[{"embeddable":true,"href":"https:\/\/streetmarkets.fr\/app\/wp-json\/wp\/v2\/comments?post=1277138"}],"wp:featuredmedia":[{"embeddable":true,"href":"https:\/\/streetmarkets.fr\/app\/wp-json\/wp\/v2\/media\/1277139"}],"wp:attachment":[{"href":"https:\/\/streetmarkets.fr\/app\/wp-json\/wp\/v2\/media?parent=1277138"}],"wp:term":[{"taxonomy":"product_brand","embeddable":true,"href":"https:\/\/streetmarkets.fr\/app\/wp-json\/wp\/v2\/product_brand?post=1277138"},{"taxonomy":"product_cat","embeddable":true,"href":"https:\/\/streetmarkets.fr\/app\/wp-json\/wp\/v2\/product_cat?post=1277138"},{"taxonomy":"product_tag","embeddable":true,"href":"https:\/\/streetmarkets.fr\/app\/wp-json\/wp\/v2\/product_tag?post=1277138"}],"curies":[{"name":"wp","href":"https:\/\/api.w.org\/{rel}","templated":true}]}}