{"id":1277126,"date":"2025-02-01T01:06:57","date_gmt":"2025-02-01T00:06:57","guid":{"rendered":"https:\/\/streetmarkets.fr\/app\/produit\/nouveau-pomandere-pull-en-coton-et-cachemire-beurre\/"},"modified":"2026-01-07T01:03:24","modified_gmt":"2026-01-07T00:03:24","slug":"nouveau-pomandere-pull-en-coton-et-cachemire-beurre","status":"publish","type":"product","link":"https:\/\/streetmarkets.fr\/app\/produit\/nouveau-pomandere-pull-en-coton-et-cachemire-beurre\/","title":{"rendered":"POMAND\u00c8RE Pull en Coton et Cachemire Beurre"},"content":{"rendered":"<p data-rte-preserve-empty=\"true\">Pull en coton et cachemire, coupe ample, encolure arrondie, manches longues et poignets resserr\u00e9s, emmanchure large. Doux et cocooning, souple et confortable. <\/p>\n<p data-rte-preserve-empty=\"true\">D\u00e9tail : 70% coton, 30% cachemire recycl\u00e9<\/p>\n","protected":false},"excerpt":{"rendered":"<p>Pull en coton et cachemire, coupe ample, encolure arrondie, manches longues et poignets resserr\u00e9s, emmanchure large. Doux et cocooning, souple et confortable. D\u00e9tail : 70% coton, 30% cachemire recycl\u00e9<\/p>\n","protected":false},"featured_media":1277127,"comment_status":"open","ping_status":"closed","template":"","meta":[],"product_brand":[],"product_cat":[1756,1762],"product_tag":[2244],"acf":[],"_links":{"self":[{"href":"https:\/\/streetmarkets.fr\/app\/wp-json\/wp\/v2\/product\/1277126"}],"collection":[{"href":"https:\/\/streetmarkets.fr\/app\/wp-json\/wp\/v2\/product"}],"about":[{"href":"https:\/\/streetmarkets.fr\/app\/wp-json\/wp\/v2\/types\/product"}],"replies":[{"embeddable":true,"href":"https:\/\/streetmarkets.fr\/app\/wp-json\/wp\/v2\/comments?post=1277126"}],"wp:featuredmedia":[{"embeddable":true,"href":"https:\/\/streetmarkets.fr\/app\/wp-json\/wp\/v2\/media\/1277127"}],"wp:attachment":[{"href":"https:\/\/streetmarkets.fr\/app\/wp-json\/wp\/v2\/media?parent=1277126"}],"wp:term":[{"taxonomy":"product_brand","embeddable":true,"href":"https:\/\/streetmarkets.fr\/app\/wp-json\/wp\/v2\/product_brand?post=1277126"},{"taxonomy":"product_cat","embeddable":true,"href":"https:\/\/streetmarkets.fr\/app\/wp-json\/wp\/v2\/product_cat?post=1277126"},{"taxonomy":"product_tag","embeddable":true,"href":"https:\/\/streetmarkets.fr\/app\/wp-json\/wp\/v2\/product_tag?post=1277126"}],"curies":[{"name":"wp","href":"https:\/\/api.w.org\/{rel}","templated":true}]}}