{"id":1277111,"date":"2025-02-01T01:06:53","date_gmt":"2025-02-01T00:06:53","guid":{"rendered":"https:\/\/streetmarkets.fr\/app\/produit\/nouveau-pomandere-t-shirt-en-lin-corde\/"},"modified":"2025-09-17T02:07:08","modified_gmt":"2025-09-17T00:07:08","slug":"nouveau-pomandere-t-shirt-en-lin-corde","status":"publish","type":"product","link":"https:\/\/streetmarkets.fr\/app\/produit\/nouveau-pomandere-t-shirt-en-lin-corde\/","title":{"rendered":"POMAND\u00c8RE T-Shirt en Lin Corde -30%"},"content":{"rendered":"<p data-rte-preserve-empty=\"true\">T-shirt en lin coupe ample, manches courtes, emmanchure large, d\u00e9collet\u00e9 en V, doux et frais. \u00c9galement disponible dans les couleurs Ecru et Citron.<\/p>\n<p data-rte-preserve-empty=\"true\">D\u00e9tail : 100% lin<\/p>\n","protected":false},"excerpt":{"rendered":"<p>T-shirt en lin coupe ample, manches courtes, emmanchure large, d\u00e9collet\u00e9 en V, doux et frais. \u00c9galement disponible dans les couleurs Ecru et Citron. D\u00e9tail : 100% lin<\/p>\n","protected":false},"featured_media":1277112,"comment_status":"open","ping_status":"closed","template":"","meta":[],"product_brand":[],"product_cat":[1756,1762],"product_tag":[2244],"acf":[],"_links":{"self":[{"href":"https:\/\/streetmarkets.fr\/app\/wp-json\/wp\/v2\/product\/1277111"}],"collection":[{"href":"https:\/\/streetmarkets.fr\/app\/wp-json\/wp\/v2\/product"}],"about":[{"href":"https:\/\/streetmarkets.fr\/app\/wp-json\/wp\/v2\/types\/product"}],"replies":[{"embeddable":true,"href":"https:\/\/streetmarkets.fr\/app\/wp-json\/wp\/v2\/comments?post=1277111"}],"wp:featuredmedia":[{"embeddable":true,"href":"https:\/\/streetmarkets.fr\/app\/wp-json\/wp\/v2\/media\/1277112"}],"wp:attachment":[{"href":"https:\/\/streetmarkets.fr\/app\/wp-json\/wp\/v2\/media?parent=1277111"}],"wp:term":[{"taxonomy":"product_brand","embeddable":true,"href":"https:\/\/streetmarkets.fr\/app\/wp-json\/wp\/v2\/product_brand?post=1277111"},{"taxonomy":"product_cat","embeddable":true,"href":"https:\/\/streetmarkets.fr\/app\/wp-json\/wp\/v2\/product_cat?post=1277111"},{"taxonomy":"product_tag","embeddable":true,"href":"https:\/\/streetmarkets.fr\/app\/wp-json\/wp\/v2\/product_tag?post=1277111"}],"curies":[{"name":"wp","href":"https:\/\/api.w.org\/{rel}","templated":true}]}}