{"id":1277098,"date":"2025-02-01T01:06:51","date_gmt":"2025-02-01T00:06:51","guid":{"rendered":"https:\/\/streetmarkets.fr\/app\/produit\/nouveau-pomandere-pantalon-en-coton-sable-precommande\/"},"modified":"2025-09-17T02:07:07","modified_gmt":"2025-09-17T00:07:07","slug":"nouveau-pomandere-pantalon-en-coton-sable-precommande","status":"publish","type":"product","link":"https:\/\/streetmarkets.fr\/app\/produit\/nouveau-pomandere-pantalon-en-coton-sable-precommande\/","title":{"rendered":"POMAND\u00c8RE Pantalon en Coton Sable"},"content":{"rendered":"<p data-rte-preserve-empty=\"true\">\n<p data-rte-preserve-empty=\"true\">Pantalon en coton, taille ajust\u00e9e, jambe droite, \u00e9lastique dans le dos, fermeture avec un zip et un bouton, deux poches lat\u00e9rales, confortable et \u00e9l\u00e9gant. \u00c9galement disponible dans la couleur Magnolia.<\/p>\n<p data-rte-preserve-empty=\"true\">Peut \u00eatre coordonn\u00e9 avec la chemise assortie de la m\u00eame teinte.<\/p>\n<p data-rte-preserve-empty=\"true\">\n<p data-rte-preserve-empty=\"true\">D\u00e9tail : 100% coton<\/p>\n","protected":false},"excerpt":{"rendered":"<p>Pantalon en coton, taille ajust\u00e9e, jambe droite, \u00e9lastique dans le dos, fermeture avec un zip et un bouton, deux poches lat\u00e9rales, confortable et \u00e9l\u00e9gant. \u00c9galement disponible dans la couleur Magnolia. Peut \u00eatre coordonn\u00e9 avec la chemise assortie de la m\u00eame teinte. D\u00e9tail : 100% coton<\/p>\n","protected":false},"featured_media":1277099,"comment_status":"open","ping_status":"closed","template":"","meta":[],"product_brand":[],"product_cat":[1756,1762],"product_tag":[2244],"acf":[],"_links":{"self":[{"href":"https:\/\/streetmarkets.fr\/app\/wp-json\/wp\/v2\/product\/1277098"}],"collection":[{"href":"https:\/\/streetmarkets.fr\/app\/wp-json\/wp\/v2\/product"}],"about":[{"href":"https:\/\/streetmarkets.fr\/app\/wp-json\/wp\/v2\/types\/product"}],"replies":[{"embeddable":true,"href":"https:\/\/streetmarkets.fr\/app\/wp-json\/wp\/v2\/comments?post=1277098"}],"wp:featuredmedia":[{"embeddable":true,"href":"https:\/\/streetmarkets.fr\/app\/wp-json\/wp\/v2\/media\/1277099"}],"wp:attachment":[{"href":"https:\/\/streetmarkets.fr\/app\/wp-json\/wp\/v2\/media?parent=1277098"}],"wp:term":[{"taxonomy":"product_brand","embeddable":true,"href":"https:\/\/streetmarkets.fr\/app\/wp-json\/wp\/v2\/product_brand?post=1277098"},{"taxonomy":"product_cat","embeddable":true,"href":"https:\/\/streetmarkets.fr\/app\/wp-json\/wp\/v2\/product_cat?post=1277098"},{"taxonomy":"product_tag","embeddable":true,"href":"https:\/\/streetmarkets.fr\/app\/wp-json\/wp\/v2\/product_tag?post=1277098"}],"curies":[{"name":"wp","href":"https:\/\/api.w.org\/{rel}","templated":true}]}}