{"id":1277092,"date":"2025-02-01T01:06:50","date_gmt":"2025-02-01T00:06:50","guid":{"rendered":"https:\/\/streetmarkets.fr\/app\/produit\/nouveau-pomandere-chemisier-en-coton-et-lin-magnolia\/"},"modified":"2025-09-17T02:07:07","modified_gmt":"2025-09-17T00:07:07","slug":"nouveau-pomandere-chemisier-en-coton-et-lin-magnolia","status":"publish","type":"product","link":"https:\/\/streetmarkets.fr\/app\/produit\/nouveau-pomandere-chemisier-en-coton-et-lin-magnolia\/","title":{"rendered":"POMAND\u00c8RE Chemisier en Coton et Lin Magnolia -30%"},"content":{"rendered":"<p data-rte-preserve-empty=\"true\">Chemisier en coton et lin flamm\u00e9 sans manche, coupe ample, petit col, boutonn\u00e9, l\u00e9g\u00e8rement pliss\u00e9 devant et dos, mati\u00e8re douce et fluide.<\/p>\n<p data-rte-preserve-empty=\"true\">D\u00e9tail : 64% coton, 36% lin<\/p>\n","protected":false},"excerpt":{"rendered":"<p>Chemisier en coton et lin flamm\u00e9 sans manche, coupe ample, petit col, boutonn\u00e9, l\u00e9g\u00e8rement pliss\u00e9 devant et dos, mati\u00e8re douce et fluide. D\u00e9tail : 64% coton, 36% lin<\/p>\n","protected":false},"featured_media":1277093,"comment_status":"open","ping_status":"closed","template":"","meta":[],"product_brand":[],"product_cat":[1756,1762],"product_tag":[2244],"acf":[],"_links":{"self":[{"href":"https:\/\/streetmarkets.fr\/app\/wp-json\/wp\/v2\/product\/1277092"}],"collection":[{"href":"https:\/\/streetmarkets.fr\/app\/wp-json\/wp\/v2\/product"}],"about":[{"href":"https:\/\/streetmarkets.fr\/app\/wp-json\/wp\/v2\/types\/product"}],"replies":[{"embeddable":true,"href":"https:\/\/streetmarkets.fr\/app\/wp-json\/wp\/v2\/comments?post=1277092"}],"wp:featuredmedia":[{"embeddable":true,"href":"https:\/\/streetmarkets.fr\/app\/wp-json\/wp\/v2\/media\/1277093"}],"wp:attachment":[{"href":"https:\/\/streetmarkets.fr\/app\/wp-json\/wp\/v2\/media?parent=1277092"}],"wp:term":[{"taxonomy":"product_brand","embeddable":true,"href":"https:\/\/streetmarkets.fr\/app\/wp-json\/wp\/v2\/product_brand?post=1277092"},{"taxonomy":"product_cat","embeddable":true,"href":"https:\/\/streetmarkets.fr\/app\/wp-json\/wp\/v2\/product_cat?post=1277092"},{"taxonomy":"product_tag","embeddable":true,"href":"https:\/\/streetmarkets.fr\/app\/wp-json\/wp\/v2\/product_tag?post=1277092"}],"curies":[{"name":"wp","href":"https:\/\/api.w.org\/{rel}","templated":true}]}}