{"id":1277085,"date":"2025-02-01T01:06:48","date_gmt":"2025-02-01T00:06:48","guid":{"rendered":"https:\/\/streetmarkets.fr\/app\/produit\/nouveau-pomandere-chemise-en-coton-corde\/"},"modified":"2025-09-20T02:06:09","modified_gmt":"2025-09-20T00:06:09","slug":"nouveau-pomandere-chemise-en-coton-corde","status":"publish","type":"product","link":"https:\/\/streetmarkets.fr\/app\/produit\/nouveau-pomandere-chemise-en-coton-corde\/","title":{"rendered":"POMAND\u00c8RE Chemise en Coton Corde -40%"},"content":{"rendered":"<p data-rte-preserve-empty=\"true\">Chemise type tunisienne en coton \u00e0 tr\u00e8s fines rayures ton sur ton, coupe ample et droite, manches longues et poignets resserr\u00e9s, douce et fraiche. \u00c9galement disponible dans la couleur Magnolia.<\/p>\n<p data-rte-preserve-empty=\"true\">D\u00e9tail : 100% coton<\/p>\n","protected":false},"excerpt":{"rendered":"<p>Chemise type tunisienne en coton \u00e0 tr\u00e8s fines rayures ton sur ton, coupe ample et droite, manches longues et poignets resserr\u00e9s, douce et fraiche. \u00c9galement disponible dans la couleur Magnolia. D\u00e9tail : 100% coton<\/p>\n","protected":false},"featured_media":1277086,"comment_status":"open","ping_status":"closed","template":"","meta":[],"product_brand":[],"product_cat":[1756,1762],"product_tag":[2244],"acf":[],"_links":{"self":[{"href":"https:\/\/streetmarkets.fr\/app\/wp-json\/wp\/v2\/product\/1277085"}],"collection":[{"href":"https:\/\/streetmarkets.fr\/app\/wp-json\/wp\/v2\/product"}],"about":[{"href":"https:\/\/streetmarkets.fr\/app\/wp-json\/wp\/v2\/types\/product"}],"replies":[{"embeddable":true,"href":"https:\/\/streetmarkets.fr\/app\/wp-json\/wp\/v2\/comments?post=1277085"}],"wp:featuredmedia":[{"embeddable":true,"href":"https:\/\/streetmarkets.fr\/app\/wp-json\/wp\/v2\/media\/1277086"}],"wp:attachment":[{"href":"https:\/\/streetmarkets.fr\/app\/wp-json\/wp\/v2\/media?parent=1277085"}],"wp:term":[{"taxonomy":"product_brand","embeddable":true,"href":"https:\/\/streetmarkets.fr\/app\/wp-json\/wp\/v2\/product_brand?post=1277085"},{"taxonomy":"product_cat","embeddable":true,"href":"https:\/\/streetmarkets.fr\/app\/wp-json\/wp\/v2\/product_cat?post=1277085"},{"taxonomy":"product_tag","embeddable":true,"href":"https:\/\/streetmarkets.fr\/app\/wp-json\/wp\/v2\/product_tag?post=1277085"}],"curies":[{"name":"wp","href":"https:\/\/api.w.org\/{rel}","templated":true}]}}