{"id":1277064,"date":"2025-02-01T01:06:46","date_gmt":"2025-02-01T00:06:46","guid":{"rendered":"https:\/\/streetmarkets.fr\/app\/produit\/nouveau-pomandere-manteau-en-coton-et-lin-bleu-marine\/"},"modified":"2026-05-13T02:00:34","modified_gmt":"2026-05-13T00:00:34","slug":"nouveau-pomandere-manteau-en-coton-et-lin-bleu-marine","status":"publish","type":"product","link":"https:\/\/streetmarkets.fr\/app\/produit\/nouveau-pomandere-manteau-en-coton-et-lin-bleu-marine\/","title":{"rendered":"POMAND\u00c8RE Manteau en Coton et Lin Bleu Marine -50%"},"content":{"rendered":"<p data-rte-preserve-empty=\"true\">Manteau en coton et lin coupe ample, manches longues, emmanchure large, boutonn\u00e9, deux poches lat\u00e9rales, souple, confortable et \u00e9l\u00e9gant.<\/p>\n<p data-rte-preserve-empty=\"true\">D\u00e9tail : 53% lin, 47% coton<\/p>\n","protected":false},"excerpt":{"rendered":"<p>Manteau en coton et lin coupe ample, manches longues, emmanchure large, boutonn\u00e9, deux poches lat\u00e9rales, souple, confortable et \u00e9l\u00e9gant. D\u00e9tail : 53% lin, 47% coton<\/p>\n","protected":false},"featured_media":1277065,"comment_status":"open","ping_status":"closed","template":"","meta":[],"product_brand":[],"product_cat":[1756,1762],"product_tag":[2244],"acf":[],"_links":{"self":[{"href":"https:\/\/streetmarkets.fr\/app\/wp-json\/wp\/v2\/product\/1277064"}],"collection":[{"href":"https:\/\/streetmarkets.fr\/app\/wp-json\/wp\/v2\/product"}],"about":[{"href":"https:\/\/streetmarkets.fr\/app\/wp-json\/wp\/v2\/types\/product"}],"replies":[{"embeddable":true,"href":"https:\/\/streetmarkets.fr\/app\/wp-json\/wp\/v2\/comments?post=1277064"}],"wp:featuredmedia":[{"embeddable":true,"href":"https:\/\/streetmarkets.fr\/app\/wp-json\/wp\/v2\/media\/1277065"}],"wp:attachment":[{"href":"https:\/\/streetmarkets.fr\/app\/wp-json\/wp\/v2\/media?parent=1277064"}],"wp:term":[{"taxonomy":"product_brand","embeddable":true,"href":"https:\/\/streetmarkets.fr\/app\/wp-json\/wp\/v2\/product_brand?post=1277064"},{"taxonomy":"product_cat","embeddable":true,"href":"https:\/\/streetmarkets.fr\/app\/wp-json\/wp\/v2\/product_cat?post=1277064"},{"taxonomy":"product_tag","embeddable":true,"href":"https:\/\/streetmarkets.fr\/app\/wp-json\/wp\/v2\/product_tag?post=1277064"}],"curies":[{"name":"wp","href":"https:\/\/api.w.org\/{rel}","templated":true}]}}